{"id":1055,"date":"2024-10-31T08:59:57","date_gmt":"2024-10-31T08:59:57","guid":{"rendered":"https:\/\/shabab-society.ch\/product\/shabab-1\/"},"modified":"2024-12-27T07:16:58","modified_gmt":"2024-12-27T07:16:58","slug":"shabab-1","status":"publish","type":"product","link":"https:\/\/shabab-society.ch\/tr\/product\/shabab-1\/","title":{"rendered":"Shabab 1"},"content":{"rendered":"","protected":false},"excerpt":{"rendered":"<p>Do\u011fal ve etkili<\/p>\n<p>Bir kutu 90 kaps\u00fcl i\u00e7erir<\/p>\n<p>Bir kutu 6 ay boyunca yeterlidir<\/p>\n","protected":false},"featured_media":1056,"template":"","meta":{"_acf_changed":false},"product_brand":[],"product_cat":[63],"product_tag":[],"class_list":{"0":"post-1055","1":"product","2":"type-product","3":"status-publish","4":"has-post-thumbnail","6":"product_cat-uncategorized-tr","8":"first","9":"instock","10":"taxable","11":"shipping-taxable","12":"purchasable","13":"product-type-simple"},"acf":[],"yoast_head":"<!-- This site is optimized with the Yoast SEO plugin v27.4 - https:\/\/yoast.com\/product\/yoast-seo-wordpress\/ -->\n<title>Shabab 1 - SHABAB SOCIETY<\/title>\n<meta name=\"robots\" content=\"noindex, follow\" \/>\n<meta property=\"og:locale\" content=\"tr_TR\" \/>\n<meta property=\"og:type\" content=\"article\" \/>\n<meta property=\"og:title\" content=\"Shabab 1 - SHABAB SOCIETY\" \/>\n<meta property=\"og:description\" content=\"Do\u011fal ve etkili  Bir kutu 90 kaps\u00fcl i\u00e7erir  Bir kutu 6 ay boyunca yeterlidir\" \/>\n<meta property=\"og:url\" content=\"https:\/\/shabab-society.ch\/tr\/product\/shabab-1\/\" \/>\n<meta property=\"og:site_name\" content=\"SHABAB SOCIETY\" \/>\n<meta property=\"article:modified_time\" content=\"2024-12-27T07:16:58+00:00\" \/>\n<meta property=\"og:image\" content=\"https:\/\/shabab-society.ch\/wp-content\/uploads\/2024\/10\/Shabab1_Transp_NoShadow.webp\" \/>\n\t<meta property=\"og:image:width\" content=\"700\" \/>\n\t<meta property=\"og:image:height\" content=\"700\" \/>\n\t<meta property=\"og:image:type\" content=\"image\/webp\" \/>\n<meta name=\"twitter:card\" content=\"summary_large_image\" \/>\n<script type=\"application\/ld+json\" class=\"yoast-schema-graph\">{\"@context\":\"https:\\\/\\\/schema.org\",\"@graph\":[{\"@type\":\"WebPage\",\"@id\":\"https:\\\/\\\/shabab-society.ch\\\/tr\\\/product\\\/shabab-1\\\/\",\"url\":\"https:\\\/\\\/shabab-society.ch\\\/tr\\\/product\\\/shabab-1\\\/\",\"name\":\"Shabab 1 - SHABAB SOCIETY\",\"isPartOf\":{\"@id\":\"https:\\\/\\\/shabab-society.ch\\\/tr\\\/#website\"},\"primaryImageOfPage\":{\"@id\":\"https:\\\/\\\/shabab-society.ch\\\/tr\\\/product\\\/shabab-1\\\/#primaryimage\"},\"image\":{\"@id\":\"https:\\\/\\\/shabab-society.ch\\\/tr\\\/product\\\/shabab-1\\\/#primaryimage\"},\"thumbnailUrl\":\"https:\\\/\\\/shabab-society.ch\\\/wp-content\\\/uploads\\\/2024\\\/10\\\/Shabab1_Transp_NoShadow.webp\",\"datePublished\":\"2024-10-31T08:59:57+00:00\",\"dateModified\":\"2024-12-27T07:16:58+00:00\",\"breadcrumb\":{\"@id\":\"https:\\\/\\\/shabab-society.ch\\\/tr\\\/product\\\/shabab-1\\\/#breadcrumb\"},\"inLanguage\":\"tr\",\"potentialAction\":[{\"@type\":\"ReadAction\",\"target\":[\"https:\\\/\\\/shabab-society.ch\\\/tr\\\/product\\\/shabab-1\\\/\"]}]},{\"@type\":\"ImageObject\",\"inLanguage\":\"tr\",\"@id\":\"https:\\\/\\\/shabab-society.ch\\\/tr\\\/product\\\/shabab-1\\\/#primaryimage\",\"url\":\"https:\\\/\\\/shabab-society.ch\\\/wp-content\\\/uploads\\\/2024\\\/10\\\/Shabab1_Transp_NoShadow.webp\",\"contentUrl\":\"https:\\\/\\\/shabab-society.ch\\\/wp-content\\\/uploads\\\/2024\\\/10\\\/Shabab1_Transp_NoShadow.webp\",\"width\":700,\"height\":700},{\"@type\":\"BreadcrumbList\",\"@id\":\"https:\\\/\\\/shabab-society.ch\\\/tr\\\/product\\\/shabab-1\\\/#breadcrumb\",\"itemListElement\":[{\"@type\":\"ListItem\",\"position\":1,\"name\":\"Home\",\"item\":\"https:\\\/\\\/shabab-society.ch\\\/tr\\\/\"},{\"@type\":\"ListItem\",\"position\":2,\"name\":\"Ma\u011faza\",\"item\":\"https:\\\/\\\/shabab-society.ch\\\/tr\\\/magaza\\\/\"},{\"@type\":\"ListItem\",\"position\":3,\"name\":\"Shabab 1\"}]},{\"@type\":\"WebSite\",\"@id\":\"https:\\\/\\\/shabab-society.ch\\\/tr\\\/#website\",\"url\":\"https:\\\/\\\/shabab-society.ch\\\/tr\\\/\",\"name\":\"Shabab Society\",\"description\":\"Our goal is people\u2019s wellbeing and happiness\",\"publisher\":{\"@id\":\"https:\\\/\\\/shabab-society.ch\\\/tr\\\/#organization\"},\"potentialAction\":[{\"@type\":\"SearchAction\",\"target\":{\"@type\":\"EntryPoint\",\"urlTemplate\":\"https:\\\/\\\/shabab-society.ch\\\/tr\\\/?s={search_term_string}\"},\"query-input\":{\"@type\":\"PropertyValueSpecification\",\"valueRequired\":true,\"valueName\":\"search_term_string\"}}],\"inLanguage\":\"tr\"},{\"@type\":\"Organization\",\"@id\":\"https:\\\/\\\/shabab-society.ch\\\/tr\\\/#organization\",\"name\":\"Shabab Society\",\"url\":\"https:\\\/\\\/shabab-society.ch\\\/tr\\\/\",\"logo\":{\"@type\":\"ImageObject\",\"inLanguage\":\"tr\",\"@id\":\"https:\\\/\\\/shabab-society.ch\\\/tr\\\/#\\\/schema\\\/logo\\\/image\\\/\",\"url\":\"https:\\\/\\\/shabab-society.ch\\\/wp-content\\\/uploads\\\/2024\\\/10\\\/Fivicon-1.png\",\"contentUrl\":\"https:\\\/\\\/shabab-society.ch\\\/wp-content\\\/uploads\\\/2024\\\/10\\\/Fivicon-1.png\",\"width\":512,\"height\":512,\"caption\":\"Shabab Society\"},\"image\":{\"@id\":\"https:\\\/\\\/shabab-society.ch\\\/tr\\\/#\\\/schema\\\/logo\\\/image\\\/\"}}]}<\/script>\n<!-- \/ Yoast SEO plugin. -->","yoast_head_json":{"title":"Shabab 1 - SHABAB SOCIETY","robots":{"index":"noindex","follow":"follow"},"og_locale":"tr_TR","og_type":"article","og_title":"Shabab 1 - SHABAB SOCIETY","og_description":"Do\u011fal ve etkili  Bir kutu 90 kaps\u00fcl i\u00e7erir  Bir kutu 6 ay boyunca yeterlidir","og_url":"https:\/\/shabab-society.ch\/tr\/product\/shabab-1\/","og_site_name":"SHABAB SOCIETY","article_modified_time":"2024-12-27T07:16:58+00:00","og_image":[{"width":700,"height":700,"url":"https:\/\/shabab-society.ch\/wp-content\/uploads\/2024\/10\/Shabab1_Transp_NoShadow.webp","type":"image\/webp"}],"twitter_card":"summary_large_image","schema":{"@context":"https:\/\/schema.org","@graph":[{"@type":"WebPage","@id":"https:\/\/shabab-society.ch\/tr\/product\/shabab-1\/","url":"https:\/\/shabab-society.ch\/tr\/product\/shabab-1\/","name":"Shabab 1 - SHABAB SOCIETY","isPartOf":{"@id":"https:\/\/shabab-society.ch\/tr\/#website"},"primaryImageOfPage":{"@id":"https:\/\/shabab-society.ch\/tr\/product\/shabab-1\/#primaryimage"},"image":{"@id":"https:\/\/shabab-society.ch\/tr\/product\/shabab-1\/#primaryimage"},"thumbnailUrl":"https:\/\/shabab-society.ch\/wp-content\/uploads\/2024\/10\/Shabab1_Transp_NoShadow.webp","datePublished":"2024-10-31T08:59:57+00:00","dateModified":"2024-12-27T07:16:58+00:00","breadcrumb":{"@id":"https:\/\/shabab-society.ch\/tr\/product\/shabab-1\/#breadcrumb"},"inLanguage":"tr","potentialAction":[{"@type":"ReadAction","target":["https:\/\/shabab-society.ch\/tr\/product\/shabab-1\/"]}]},{"@type":"ImageObject","inLanguage":"tr","@id":"https:\/\/shabab-society.ch\/tr\/product\/shabab-1\/#primaryimage","url":"https:\/\/shabab-society.ch\/wp-content\/uploads\/2024\/10\/Shabab1_Transp_NoShadow.webp","contentUrl":"https:\/\/shabab-society.ch\/wp-content\/uploads\/2024\/10\/Shabab1_Transp_NoShadow.webp","width":700,"height":700},{"@type":"BreadcrumbList","@id":"https:\/\/shabab-society.ch\/tr\/product\/shabab-1\/#breadcrumb","itemListElement":[{"@type":"ListItem","position":1,"name":"Home","item":"https:\/\/shabab-society.ch\/tr\/"},{"@type":"ListItem","position":2,"name":"Ma\u011faza","item":"https:\/\/shabab-society.ch\/tr\/magaza\/"},{"@type":"ListItem","position":3,"name":"Shabab 1"}]},{"@type":"WebSite","@id":"https:\/\/shabab-society.ch\/tr\/#website","url":"https:\/\/shabab-society.ch\/tr\/","name":"Shabab Society","description":"Our goal is people\u2019s wellbeing and happiness","publisher":{"@id":"https:\/\/shabab-society.ch\/tr\/#organization"},"potentialAction":[{"@type":"SearchAction","target":{"@type":"EntryPoint","urlTemplate":"https:\/\/shabab-society.ch\/tr\/?s={search_term_string}"},"query-input":{"@type":"PropertyValueSpecification","valueRequired":true,"valueName":"search_term_string"}}],"inLanguage":"tr"},{"@type":"Organization","@id":"https:\/\/shabab-society.ch\/tr\/#organization","name":"Shabab Society","url":"https:\/\/shabab-society.ch\/tr\/","logo":{"@type":"ImageObject","inLanguage":"tr","@id":"https:\/\/shabab-society.ch\/tr\/#\/schema\/logo\/image\/","url":"https:\/\/shabab-society.ch\/wp-content\/uploads\/2024\/10\/Fivicon-1.png","contentUrl":"https:\/\/shabab-society.ch\/wp-content\/uploads\/2024\/10\/Fivicon-1.png","width":512,"height":512,"caption":"Shabab Society"},"image":{"@id":"https:\/\/shabab-society.ch\/tr\/#\/schema\/logo\/image\/"}}]}},"_links":{"self":[{"href":"https:\/\/shabab-society.ch\/tr\/wp-json\/wp\/v2\/product\/1055","targetHints":{"allow":["GET"]}}],"collection":[{"href":"https:\/\/shabab-society.ch\/tr\/wp-json\/wp\/v2\/product"}],"about":[{"href":"https:\/\/shabab-society.ch\/tr\/wp-json\/wp\/v2\/types\/product"}],"wp:featuredmedia":[{"embeddable":true,"href":"https:\/\/shabab-society.ch\/tr\/wp-json\/wp\/v2\/media\/1056"}],"wp:attachment":[{"href":"https:\/\/shabab-society.ch\/tr\/wp-json\/wp\/v2\/media?parent=1055"}],"wp:term":[{"taxonomy":"product_brand","embeddable":true,"href":"https:\/\/shabab-society.ch\/tr\/wp-json\/wp\/v2\/product_brand?post=1055"},{"taxonomy":"product_cat","embeddable":true,"href":"https:\/\/shabab-society.ch\/tr\/wp-json\/wp\/v2\/product_cat?post=1055"},{"taxonomy":"product_tag","embeddable":true,"href":"https:\/\/shabab-society.ch\/tr\/wp-json\/wp\/v2\/product_tag?post=1055"}],"curies":[{"name":"wp","href":"https:\/\/api.w.org\/{rel}","templated":true}]}}