{"id":975,"date":"2024-11-10T19:26:59","date_gmt":"2024-11-10T19:26:59","guid":{"rendered":"https:\/\/shabab-society.ch\/delivery-return-and-refund-conditions\/"},"modified":"2024-12-21T05:48:07","modified_gmt":"2024-12-21T05:48:07","slug":"teslimat-ve-iade-politikasi","status":"publish","type":"page","link":"https:\/\/shabab-society.ch\/tr\/teslimat-ve-iade-politikasi\/","title":{"rendered":"Teslimat ve iade politikas\u0131"},"content":{"rendered":"<div class=\"fusion-fullwidth fullwidth-box fusion-builder-row-1 fusion-flex-container nonhundred-percent-fullwidth non-hundred-percent-height-scrolling\" style=\"--awb-border-radius-top-left:0px;--awb-border-radius-top-right:0px;--awb-border-radius-bottom-right:0px;--awb-border-radius-bottom-left:0px;--awb-flex-wrap:wrap;\" ><div class=\"fusion-builder-row fusion-row fusion-flex-align-items-flex-start fusion-flex-content-wrap\" style=\"max-width:1248px;margin-left: calc(-4% \/ 2 );margin-right: calc(-4% \/ 2 );\"><div class=\"fusion-layout-column fusion_builder_column fusion-builder-column-0 fusion_builder_column_1_1 1_1 fusion-flex-column\" style=\"--awb-bg-size:cover;--awb-width-large:100%;--awb-margin-top-large:0px;--awb-spacing-right-large:1.92%;--awb-margin-bottom-large:0px;--awb-spacing-left-large:1.92%;--awb-width-medium:100%;--awb-spacing-right-medium:1.92%;--awb-spacing-left-medium:1.92%;--awb-width-small:100%;--awb-spacing-right-small:1.92%;--awb-spacing-left-small:1.92%;\"><div class=\"fusion-column-wrapper fusion-flex-justify-content-flex-start fusion-content-layout-column\"><div class=\"fusion-text fusion-text-1\"><h3>TESL\u0130MAT S\u00d6ZLE\u015eMES\u0130<\/h3>\n<p><strong>Son G\u00fcncelleme: 10 Kas\u0131m 2024<\/strong><\/p>\n<h4>1. Giri\u015f<\/h4>\n<p>Bu s\u00f6zle\u015fme, Shabab Society (bundan sonra \u015eirket olarak an\u0131lacakt\u0131r) ile [M\u00fc\u015fteri Ad\u0131] (bundan sonra M\u00fc\u015fteri olarak an\u0131lacakt\u0131r) aras\u0131nda yap\u0131lan teslimat ko\u015fullar\u0131n\u0131 d\u00fczenler. M\u00fc\u015fteri, Shabab Society\u2019den sat\u0131n ald\u0131\u011f\u0131 \u00fcr\u00fcnler i\u00e7in bu s\u00f6zle\u015fme h\u00fck\u00fcmlerine tabi oldu\u011funu kabul eder.<\/p>\n<h4>2. Teslimat \u015eartlar\u0131<\/h4>\n<ol>\n<li>Shabab Society, m\u00fc\u015fteri taraf\u0131ndan sipari\u015f edilen \u00fcr\u00fcnleri sipari\u015f onay\u0131ndan itibaren en ge\u00e7 [belirtilen s\u00fcre] g\u00fcn i\u00e7inde kargoya teslim eder.<\/li>\n<li>Teslimatlar, m\u00fc\u015fteri taraf\u0131ndan belirtilen adrese yap\u0131lacakt\u0131r. M\u00fc\u015fteri, teslimat adresini do\u011fru ve eksiksiz olarak vermekle y\u00fck\u00fcml\u00fcd\u00fcr.<\/li>\n<li>Teslimat s\u00fcresi, kargo firmas\u0131n\u0131n teslimat s\u00fcrelerine ba\u011fl\u0131 olarak de\u011fi\u015fiklik g\u00f6sterebilir.<\/li>\n<li>Teslimat s\u0131ras\u0131nda \u00fcr\u00fcnlerin hasarl\u0131 olup olmad\u0131\u011f\u0131 m\u00fc\u015fteri taraf\u0131ndan kontrol edilmeli, hasarl\u0131 \u00fcr\u00fcnler kargo g\u00f6revlisine tutanak tutturularak teslim al\u0131nmamal\u0131d\u0131r. Aksi halde, m\u00fc\u015fteri hasars\u0131z \u00fcr\u00fcn\u00fc teslim ald\u0131\u011f\u0131n\u0131 kabul etmi\u015f say\u0131l\u0131r.<\/li>\n<\/ol>\n<h4>3. \u0130ade ve De\u011fi\u015fim \u015eartlar\u0131<\/h4>\n<ol>\n<li>Shabab Society, satt\u0131\u011f\u0131 \u00fcr\u00fcnlerde iade ve de\u011fi\u015fim kabul etmemektedir. M\u00fc\u015fteri, \u00fcr\u00fcn sipari\u015fini onaylad\u0131\u011f\u0131nda bu durumu kabul etmi\u015f say\u0131l\u0131r.<\/li>\n<li>\u00dcr\u00fcnlerde herhangi bir hata veya hasar tespit edilmesi durumunda, m\u00fc\u015fteri bu durumu teslimat an\u0131nda tutanakla belgelendirerek kargo g\u00f6revlisine bildirmelidir.<\/li>\n<\/ol>\n<h4>4. \u0130htilaflar ve Yasal Uygulamalar<\/h4>\n<ol>\n<li>Bu s\u00f6zle\u015fmeden do\u011facak ihtilaflar, Shabab Society\u2019nin yerle\u015fik oldu\u011fu yer mahkemeleri taraf\u0131ndan \u00e7\u00f6z\u00fclecektir.<\/li>\n<li>Bu s\u00f6zle\u015fme, T\u00fcrkiye Cumhuriyeti yasalar\u0131na tabidir.<\/li>\n<\/ol>\n<h4>5. Y\u00fcr\u00fcrl\u00fck<\/h4>\n<p>Bu s\u00f6zle\u015fme, m\u00fc\u015fteri taraf\u0131ndan onayland\u0131\u011f\u0131 tarihte y\u00fcr\u00fcrl\u00fc\u011fe girer.<\/p>\n<\/div><\/div><\/div><\/div><\/div>\n","protected":false},"excerpt":{"rendered":"","protected":false},"author":1,"featured_media":0,"parent":0,"menu_order":0,"comment_status":"closed","ping_status":"closed","template":"100-width.php","meta":{"_acf_changed":false,"footnotes":""},"class_list":["post-975","page","type-page","status-publish","hentry"],"acf":[],"yoast_head":"<!-- This site is optimized with the Yoast SEO plugin v27.4 - https:\/\/yoast.com\/product\/yoast-seo-wordpress\/ -->\n<title>Teslimat ve iade politikas\u0131 - SHABAB SOCIETY<\/title>\n<meta name=\"robots\" content=\"index, follow, max-snippet:-1, max-image-preview:large, max-video-preview:-1\" \/>\n<link rel=\"canonical\" href=\"https:\/\/shabab-society.ch\/tr\/teslimat-ve-iade-politikasi\/\" \/>\n<meta property=\"og:locale\" content=\"tr_TR\" \/>\n<meta property=\"og:type\" content=\"article\" \/>\n<meta property=\"og:title\" content=\"Teslimat ve iade politikas\u0131 - SHABAB SOCIETY\" \/>\n<meta property=\"og:url\" content=\"https:\/\/shabab-society.ch\/tr\/teslimat-ve-iade-politikasi\/\" \/>\n<meta property=\"og:site_name\" content=\"SHABAB SOCIETY\" \/>\n<meta property=\"article:modified_time\" content=\"2024-12-21T05:48:07+00:00\" \/>\n<meta property=\"og:image\" content=\"https:\/\/shabab-society.ch\/wp-content\/uploads\/2024\/10\/Shabab-Social-Featured-Image.webp\" \/>\n\t<meta property=\"og:image:width\" content=\"2049\" \/>\n\t<meta property=\"og:image:height\" content=\"1152\" \/>\n\t<meta property=\"og:image:type\" content=\"image\/webp\" \/>\n<meta name=\"twitter:card\" content=\"summary_large_image\" \/>\n<meta name=\"twitter:label1\" content=\"Tahmini okuma s\u00fcresi\" \/>\n\t<meta name=\"twitter:data1\" content=\"3 dakika\" \/>\n<script type=\"application\/ld+json\" class=\"yoast-schema-graph\">{\"@context\":\"https:\\\/\\\/schema.org\",\"@graph\":[{\"@type\":\"WebPage\",\"@id\":\"https:\\\/\\\/shabab-society.ch\\\/tr\\\/teslimat-ve-iade-politikasi\\\/\",\"url\":\"https:\\\/\\\/shabab-society.ch\\\/tr\\\/teslimat-ve-iade-politikasi\\\/\",\"name\":\"Teslimat ve iade politikas\u0131 - SHABAB SOCIETY\",\"isPartOf\":{\"@id\":\"https:\\\/\\\/shabab-society.ch\\\/tr\\\/#website\"},\"datePublished\":\"2024-11-10T19:26:59+00:00\",\"dateModified\":\"2024-12-21T05:48:07+00:00\",\"breadcrumb\":{\"@id\":\"https:\\\/\\\/shabab-society.ch\\\/tr\\\/teslimat-ve-iade-politikasi\\\/#breadcrumb\"},\"inLanguage\":\"tr\",\"potentialAction\":[{\"@type\":\"ReadAction\",\"target\":[\"https:\\\/\\\/shabab-society.ch\\\/tr\\\/teslimat-ve-iade-politikasi\\\/\"]}]},{\"@type\":\"BreadcrumbList\",\"@id\":\"https:\\\/\\\/shabab-society.ch\\\/tr\\\/teslimat-ve-iade-politikasi\\\/#breadcrumb\",\"itemListElement\":[{\"@type\":\"ListItem\",\"position\":1,\"name\":\"Home\",\"item\":\"https:\\\/\\\/shabab-society.ch\\\/tr\\\/\"},{\"@type\":\"ListItem\",\"position\":2,\"name\":\"Teslimat ve iade politikas\u0131\"}]},{\"@type\":\"WebSite\",\"@id\":\"https:\\\/\\\/shabab-society.ch\\\/tr\\\/#website\",\"url\":\"https:\\\/\\\/shabab-society.ch\\\/tr\\\/\",\"name\":\"Shabab Society\",\"description\":\"Our goal is people\u2019s wellbeing and happiness\",\"publisher\":{\"@id\":\"https:\\\/\\\/shabab-society.ch\\\/tr\\\/#organization\"},\"potentialAction\":[{\"@type\":\"SearchAction\",\"target\":{\"@type\":\"EntryPoint\",\"urlTemplate\":\"https:\\\/\\\/shabab-society.ch\\\/tr\\\/?s={search_term_string}\"},\"query-input\":{\"@type\":\"PropertyValueSpecification\",\"valueRequired\":true,\"valueName\":\"search_term_string\"}}],\"inLanguage\":\"tr\"},{\"@type\":\"Organization\",\"@id\":\"https:\\\/\\\/shabab-society.ch\\\/tr\\\/#organization\",\"name\":\"Shabab Society\",\"url\":\"https:\\\/\\\/shabab-society.ch\\\/tr\\\/\",\"logo\":{\"@type\":\"ImageObject\",\"inLanguage\":\"tr\",\"@id\":\"https:\\\/\\\/shabab-society.ch\\\/tr\\\/#\\\/schema\\\/logo\\\/image\\\/\",\"url\":\"https:\\\/\\\/shabab-society.ch\\\/wp-content\\\/uploads\\\/2024\\\/10\\\/Fivicon-1.png\",\"contentUrl\":\"https:\\\/\\\/shabab-society.ch\\\/wp-content\\\/uploads\\\/2024\\\/10\\\/Fivicon-1.png\",\"width\":512,\"height\":512,\"caption\":\"Shabab Society\"},\"image\":{\"@id\":\"https:\\\/\\\/shabab-society.ch\\\/tr\\\/#\\\/schema\\\/logo\\\/image\\\/\"}}]}<\/script>\n<!-- \/ Yoast SEO plugin. -->","yoast_head_json":{"title":"Teslimat ve iade politikas\u0131 - SHABAB SOCIETY","robots":{"index":"index","follow":"follow","max-snippet":"max-snippet:-1","max-image-preview":"max-image-preview:large","max-video-preview":"max-video-preview:-1"},"canonical":"https:\/\/shabab-society.ch\/tr\/teslimat-ve-iade-politikasi\/","og_locale":"tr_TR","og_type":"article","og_title":"Teslimat ve iade politikas\u0131 - SHABAB SOCIETY","og_url":"https:\/\/shabab-society.ch\/tr\/teslimat-ve-iade-politikasi\/","og_site_name":"SHABAB SOCIETY","article_modified_time":"2024-12-21T05:48:07+00:00","og_image":[{"width":2049,"height":1152,"url":"https:\/\/shabab-society.ch\/wp-content\/uploads\/2024\/10\/Shabab-Social-Featured-Image.webp","type":"image\/webp"}],"twitter_card":"summary_large_image","twitter_misc":{"Tahmini okuma s\u00fcresi":"3 dakika"},"schema":{"@context":"https:\/\/schema.org","@graph":[{"@type":"WebPage","@id":"https:\/\/shabab-society.ch\/tr\/teslimat-ve-iade-politikasi\/","url":"https:\/\/shabab-society.ch\/tr\/teslimat-ve-iade-politikasi\/","name":"Teslimat ve iade politikas\u0131 - SHABAB SOCIETY","isPartOf":{"@id":"https:\/\/shabab-society.ch\/tr\/#website"},"datePublished":"2024-11-10T19:26:59+00:00","dateModified":"2024-12-21T05:48:07+00:00","breadcrumb":{"@id":"https:\/\/shabab-society.ch\/tr\/teslimat-ve-iade-politikasi\/#breadcrumb"},"inLanguage":"tr","potentialAction":[{"@type":"ReadAction","target":["https:\/\/shabab-society.ch\/tr\/teslimat-ve-iade-politikasi\/"]}]},{"@type":"BreadcrumbList","@id":"https:\/\/shabab-society.ch\/tr\/teslimat-ve-iade-politikasi\/#breadcrumb","itemListElement":[{"@type":"ListItem","position":1,"name":"Home","item":"https:\/\/shabab-society.ch\/tr\/"},{"@type":"ListItem","position":2,"name":"Teslimat ve iade politikas\u0131"}]},{"@type":"WebSite","@id":"https:\/\/shabab-society.ch\/tr\/#website","url":"https:\/\/shabab-society.ch\/tr\/","name":"Shabab Society","description":"Our goal is people\u2019s wellbeing and happiness","publisher":{"@id":"https:\/\/shabab-society.ch\/tr\/#organization"},"potentialAction":[{"@type":"SearchAction","target":{"@type":"EntryPoint","urlTemplate":"https:\/\/shabab-society.ch\/tr\/?s={search_term_string}"},"query-input":{"@type":"PropertyValueSpecification","valueRequired":true,"valueName":"search_term_string"}}],"inLanguage":"tr"},{"@type":"Organization","@id":"https:\/\/shabab-society.ch\/tr\/#organization","name":"Shabab Society","url":"https:\/\/shabab-society.ch\/tr\/","logo":{"@type":"ImageObject","inLanguage":"tr","@id":"https:\/\/shabab-society.ch\/tr\/#\/schema\/logo\/image\/","url":"https:\/\/shabab-society.ch\/wp-content\/uploads\/2024\/10\/Fivicon-1.png","contentUrl":"https:\/\/shabab-society.ch\/wp-content\/uploads\/2024\/10\/Fivicon-1.png","width":512,"height":512,"caption":"Shabab Society"},"image":{"@id":"https:\/\/shabab-society.ch\/tr\/#\/schema\/logo\/image\/"}}]}},"_links":{"self":[{"href":"https:\/\/shabab-society.ch\/tr\/wp-json\/wp\/v2\/pages\/975","targetHints":{"allow":["GET"]}}],"collection":[{"href":"https:\/\/shabab-society.ch\/tr\/wp-json\/wp\/v2\/pages"}],"about":[{"href":"https:\/\/shabab-society.ch\/tr\/wp-json\/wp\/v2\/types\/page"}],"author":[{"embeddable":true,"href":"https:\/\/shabab-society.ch\/tr\/wp-json\/wp\/v2\/users\/1"}],"replies":[{"embeddable":true,"href":"https:\/\/shabab-society.ch\/tr\/wp-json\/wp\/v2\/comments?post=975"}],"version-history":[{"count":3,"href":"https:\/\/shabab-society.ch\/tr\/wp-json\/wp\/v2\/pages\/975\/revisions"}],"predecessor-version":[{"id":978,"href":"https:\/\/shabab-society.ch\/tr\/wp-json\/wp\/v2\/pages\/975\/revisions\/978"}],"wp:attachment":[{"href":"https:\/\/shabab-society.ch\/tr\/wp-json\/wp\/v2\/media?parent=975"}],"curies":[{"name":"wp","href":"https:\/\/api.w.org\/{rel}","templated":true}]}}