{"id":969,"date":"2024-11-10T19:24:25","date_gmt":"2024-11-10T19:24:25","guid":{"rendered":"https:\/\/shabab-society.ch\/terms-and-conditions\/"},"modified":"2024-12-21T05:38:05","modified_gmt":"2024-12-21T05:38:05","slug":"satis-sartlari-ve-kosullari","status":"publish","type":"page","link":"https:\/\/shabab-society.ch\/tr\/satis-sartlari-ve-kosullari\/","title":{"rendered":"Sat\u0131\u015f \u015eartlar\u0131 ve Ko\u015fullar\u0131"},"content":{"rendered":"<div class=\"fusion-fullwidth fullwidth-box fusion-builder-row-1 fusion-flex-container nonhundred-percent-fullwidth non-hundred-percent-height-scrolling\" style=\"--awb-border-radius-top-left:0px;--awb-border-radius-top-right:0px;--awb-border-radius-bottom-right:0px;--awb-border-radius-bottom-left:0px;--awb-flex-wrap:wrap;\" ><div class=\"fusion-builder-row fusion-row fusion-flex-align-items-flex-start fusion-flex-content-wrap\" style=\"max-width:1248px;margin-left: calc(-4% \/ 2 );margin-right: calc(-4% \/ 2 );\"><div class=\"fusion-layout-column fusion_builder_column fusion-builder-column-0 fusion_builder_column_1_1 1_1 fusion-flex-column\" style=\"--awb-bg-size:cover;--awb-width-large:100%;--awb-margin-top-large:0px;--awb-spacing-right-large:1.92%;--awb-margin-bottom-large:0px;--awb-spacing-left-large:1.92%;--awb-width-medium:100%;--awb-spacing-right-medium:1.92%;--awb-spacing-left-medium:1.92%;--awb-width-small:100%;--awb-spacing-right-small:1.92%;--awb-spacing-left-small:1.92%;\"><div class=\"fusion-column-wrapper fusion-flex-justify-content-flex-start fusion-content-layout-column\"><div class=\"fusion-text fusion-text-1\"><h3><strong>Sat\u0131\u015f \u015eartlar\u0131 ve Ko\u015fullar\u0131 <\/strong><\/h3>\n<p><strong>Son G\u00fcncelleme: 10 Kas\u0131m 2024<\/strong><\/p>\n<p>Shabab \u015eirketi\u2019nin web sitesine ho\u015f geldiniz. Bu siteyi kullanman\u0131z ve \u00fcr\u00fcn sat\u0131n alman\u0131z a\u015fa\u011f\u0131daki \u015fartlar ve ko\u015fullara tabidir. L\u00fctfen sipari\u015f vermeden \u00f6nce bu \u015fartlar\u0131 dikkatlice okuyunuz.<\/p>\n<ol>\n<li>Bu \u015fartlar\u0131 kabul ederek, belirtilen t\u00fcm \u015fartlar ve ko\u015fullara uymay\u0131 kabul etmi\u015f olursunuz.<\/li>\n<li>Web sitemizdeki fiyatlar ve \u00fcr\u00fcnler \u00f6nceden haber verilmeksizin de\u011fi\u015febilir.<\/li>\n<li>Sipari\u015finiz, \u00f6demeyi ba\u015far\u0131l\u0131 bir \u015fekilde ald\u0131\u011f\u0131m\u0131zda onaylanacakt\u0131r. \u00d6demede herhangi bir sorun olmas\u0131 durumunda, site sipari\u015fi iptal etme hakk\u0131n\u0131 sakl\u0131 tutar.<\/li>\n<li>Sipari\u015fler, sipari\u015f s\u0131ras\u0131nda verdi\u011finiz adrese g\u00f6nderilecektir. Yanl\u0131\u015f bilgilerden kaynaklanan gecikmelerden sorumlu de\u011filiz.<\/li>\n<li>\u00dcr\u00fcn, teslim al\u0131nd\u0131ktan sonra bir hafta i\u00e7inde, kullan\u0131lmam\u0131\u015f ve orijinal durumunda olmas\u0131 \u015fart\u0131yla iade edilebilir.<\/li>\n<li>\u015eirket, \u00fcr\u00fcn\u00fcn iade veya de\u011fi\u015fimini, e\u011fer sorun mant\u0131kl\u0131 ve \u015firketin hatas\u0131ndan kaynaklan\u0131yorsa, kargo \u00fccretlerini kar\u015f\u0131lar.<\/li>\n<li>Bu \u015fartlar ve ko\u015fullar, (\u00fclke veya b\u00f6lge) yasalar\u0131na tabidir ve herhangi bir uyu\u015fmazl\u0131k durumunda (arabuluculuk\/uzla\u015ft\u0131rma) yoluyla \u00e7\u00f6z\u00fcl\u00fcr.<\/li>\n<li>Ki\u015fisel verilerinizi nas\u0131l kulland\u0131\u011f\u0131m\u0131z hakk\u0131nda daha fazla bilgi i\u00e7in, l\u00fctfen <a href=\"https:\/\/shabab-society.ch\/tr\/gizlilik-politikasi\/\"><strong>gizlilik politikam\u0131za<\/strong><\/a> g\u00f6z at\u0131n\u0131z.<\/li>\n<li>Bu \u015fartlar\u0131 herhangi bir zamanda de\u011fi\u015ftirme hakk\u0131n\u0131 sakl\u0131 tutuyoruz. Yap\u0131lan de\u011fi\u015fiklikler, size e-posta yoluyla veya web sitemizde yay\u0131mlanarak bildirilecektir.<\/li>\n<li>Herhangi bir sorunuz varsa, l\u00fctfen <strong>(<a href=\"mailto:turkiyeoffice@shabab-society.ch\">turkiyeoffice@shabab-society.ch<\/a>\u00a0\/\u00a0<a href=\"tel:00905309002297\">0090 530 900 22 97<\/a>) <\/strong>yoluyla bizimle ileti\u015fime ge\u00e7iniz.<\/li>\n<\/ol>\n<\/div><\/div><\/div><\/div><\/div>\n","protected":false},"excerpt":{"rendered":"","protected":false},"author":1,"featured_media":0,"parent":0,"menu_order":0,"comment_status":"closed","ping_status":"closed","template":"100-width.php","meta":{"_acf_changed":false,"footnotes":""},"class_list":["post-969","page","type-page","status-publish","hentry"],"acf":[],"yoast_head":"<!-- This site is optimized with the Yoast SEO plugin v27.4 - https:\/\/yoast.com\/product\/yoast-seo-wordpress\/ -->\n<title>Sat\u0131\u015f \u015eartlar\u0131 ve Ko\u015fullar\u0131 - SHABAB SOCIETY<\/title>\n<meta name=\"robots\" content=\"index, follow, max-snippet:-1, max-image-preview:large, max-video-preview:-1\" \/>\n<link rel=\"canonical\" href=\"https:\/\/shabab-society.ch\/tr\/satis-sartlari-ve-kosullari\/\" \/>\n<meta property=\"og:locale\" content=\"tr_TR\" \/>\n<meta property=\"og:type\" content=\"article\" \/>\n<meta property=\"og:title\" content=\"Sat\u0131\u015f \u015eartlar\u0131 ve Ko\u015fullar\u0131 - SHABAB SOCIETY\" \/>\n<meta property=\"og:url\" content=\"https:\/\/shabab-society.ch\/tr\/satis-sartlari-ve-kosullari\/\" \/>\n<meta property=\"og:site_name\" content=\"SHABAB SOCIETY\" \/>\n<meta property=\"article:modified_time\" content=\"2024-12-21T05:38:05+00:00\" \/>\n<meta property=\"og:image\" content=\"https:\/\/shabab-society.ch\/wp-content\/uploads\/2024\/10\/Shabab-Social-Featured-Image.webp\" \/>\n\t<meta property=\"og:image:width\" content=\"2049\" \/>\n\t<meta property=\"og:image:height\" content=\"1152\" \/>\n\t<meta property=\"og:image:type\" content=\"image\/webp\" \/>\n<meta name=\"twitter:card\" content=\"summary_large_image\" \/>\n<meta name=\"twitter:label1\" content=\"Tahmini okuma s\u00fcresi\" \/>\n\t<meta name=\"twitter:data1\" content=\"3 dakika\" \/>\n<script type=\"application\/ld+json\" class=\"yoast-schema-graph\">{\"@context\":\"https:\\\/\\\/schema.org\",\"@graph\":[{\"@type\":\"WebPage\",\"@id\":\"https:\\\/\\\/shabab-society.ch\\\/tr\\\/satis-sartlari-ve-kosullari\\\/\",\"url\":\"https:\\\/\\\/shabab-society.ch\\\/tr\\\/satis-sartlari-ve-kosullari\\\/\",\"name\":\"Sat\u0131\u015f \u015eartlar\u0131 ve Ko\u015fullar\u0131 - SHABAB SOCIETY\",\"isPartOf\":{\"@id\":\"https:\\\/\\\/shabab-society.ch\\\/tr\\\/#website\"},\"datePublished\":\"2024-11-10T19:24:25+00:00\",\"dateModified\":\"2024-12-21T05:38:05+00:00\",\"breadcrumb\":{\"@id\":\"https:\\\/\\\/shabab-society.ch\\\/tr\\\/satis-sartlari-ve-kosullari\\\/#breadcrumb\"},\"inLanguage\":\"tr\",\"potentialAction\":[{\"@type\":\"ReadAction\",\"target\":[\"https:\\\/\\\/shabab-society.ch\\\/tr\\\/satis-sartlari-ve-kosullari\\\/\"]}]},{\"@type\":\"BreadcrumbList\",\"@id\":\"https:\\\/\\\/shabab-society.ch\\\/tr\\\/satis-sartlari-ve-kosullari\\\/#breadcrumb\",\"itemListElement\":[{\"@type\":\"ListItem\",\"position\":1,\"name\":\"Home\",\"item\":\"https:\\\/\\\/shabab-society.ch\\\/tr\\\/\"},{\"@type\":\"ListItem\",\"position\":2,\"name\":\"Sat\u0131\u015f \u015eartlar\u0131 ve Ko\u015fullar\u0131\"}]},{\"@type\":\"WebSite\",\"@id\":\"https:\\\/\\\/shabab-society.ch\\\/tr\\\/#website\",\"url\":\"https:\\\/\\\/shabab-society.ch\\\/tr\\\/\",\"name\":\"Shabab Society\",\"description\":\"Our goal is people\u2019s wellbeing and happiness\",\"publisher\":{\"@id\":\"https:\\\/\\\/shabab-society.ch\\\/tr\\\/#organization\"},\"potentialAction\":[{\"@type\":\"SearchAction\",\"target\":{\"@type\":\"EntryPoint\",\"urlTemplate\":\"https:\\\/\\\/shabab-society.ch\\\/tr\\\/?s={search_term_string}\"},\"query-input\":{\"@type\":\"PropertyValueSpecification\",\"valueRequired\":true,\"valueName\":\"search_term_string\"}}],\"inLanguage\":\"tr\"},{\"@type\":\"Organization\",\"@id\":\"https:\\\/\\\/shabab-society.ch\\\/tr\\\/#organization\",\"name\":\"Shabab Society\",\"url\":\"https:\\\/\\\/shabab-society.ch\\\/tr\\\/\",\"logo\":{\"@type\":\"ImageObject\",\"inLanguage\":\"tr\",\"@id\":\"https:\\\/\\\/shabab-society.ch\\\/tr\\\/#\\\/schema\\\/logo\\\/image\\\/\",\"url\":\"https:\\\/\\\/shabab-society.ch\\\/wp-content\\\/uploads\\\/2024\\\/10\\\/Fivicon-1.png\",\"contentUrl\":\"https:\\\/\\\/shabab-society.ch\\\/wp-content\\\/uploads\\\/2024\\\/10\\\/Fivicon-1.png\",\"width\":512,\"height\":512,\"caption\":\"Shabab Society\"},\"image\":{\"@id\":\"https:\\\/\\\/shabab-society.ch\\\/tr\\\/#\\\/schema\\\/logo\\\/image\\\/\"}}]}<\/script>\n<!-- \/ Yoast SEO plugin. -->","yoast_head_json":{"title":"Sat\u0131\u015f \u015eartlar\u0131 ve Ko\u015fullar\u0131 - SHABAB SOCIETY","robots":{"index":"index","follow":"follow","max-snippet":"max-snippet:-1","max-image-preview":"max-image-preview:large","max-video-preview":"max-video-preview:-1"},"canonical":"https:\/\/shabab-society.ch\/tr\/satis-sartlari-ve-kosullari\/","og_locale":"tr_TR","og_type":"article","og_title":"Sat\u0131\u015f \u015eartlar\u0131 ve Ko\u015fullar\u0131 - SHABAB SOCIETY","og_url":"https:\/\/shabab-society.ch\/tr\/satis-sartlari-ve-kosullari\/","og_site_name":"SHABAB SOCIETY","article_modified_time":"2024-12-21T05:38:05+00:00","og_image":[{"width":2049,"height":1152,"url":"https:\/\/shabab-society.ch\/wp-content\/uploads\/2024\/10\/Shabab-Social-Featured-Image.webp","type":"image\/webp"}],"twitter_card":"summary_large_image","twitter_misc":{"Tahmini okuma s\u00fcresi":"3 dakika"},"schema":{"@context":"https:\/\/schema.org","@graph":[{"@type":"WebPage","@id":"https:\/\/shabab-society.ch\/tr\/satis-sartlari-ve-kosullari\/","url":"https:\/\/shabab-society.ch\/tr\/satis-sartlari-ve-kosullari\/","name":"Sat\u0131\u015f \u015eartlar\u0131 ve Ko\u015fullar\u0131 - SHABAB SOCIETY","isPartOf":{"@id":"https:\/\/shabab-society.ch\/tr\/#website"},"datePublished":"2024-11-10T19:24:25+00:00","dateModified":"2024-12-21T05:38:05+00:00","breadcrumb":{"@id":"https:\/\/shabab-society.ch\/tr\/satis-sartlari-ve-kosullari\/#breadcrumb"},"inLanguage":"tr","potentialAction":[{"@type":"ReadAction","target":["https:\/\/shabab-society.ch\/tr\/satis-sartlari-ve-kosullari\/"]}]},{"@type":"BreadcrumbList","@id":"https:\/\/shabab-society.ch\/tr\/satis-sartlari-ve-kosullari\/#breadcrumb","itemListElement":[{"@type":"ListItem","position":1,"name":"Home","item":"https:\/\/shabab-society.ch\/tr\/"},{"@type":"ListItem","position":2,"name":"Sat\u0131\u015f \u015eartlar\u0131 ve Ko\u015fullar\u0131"}]},{"@type":"WebSite","@id":"https:\/\/shabab-society.ch\/tr\/#website","url":"https:\/\/shabab-society.ch\/tr\/","name":"Shabab Society","description":"Our goal is people\u2019s wellbeing and happiness","publisher":{"@id":"https:\/\/shabab-society.ch\/tr\/#organization"},"potentialAction":[{"@type":"SearchAction","target":{"@type":"EntryPoint","urlTemplate":"https:\/\/shabab-society.ch\/tr\/?s={search_term_string}"},"query-input":{"@type":"PropertyValueSpecification","valueRequired":true,"valueName":"search_term_string"}}],"inLanguage":"tr"},{"@type":"Organization","@id":"https:\/\/shabab-society.ch\/tr\/#organization","name":"Shabab Society","url":"https:\/\/shabab-society.ch\/tr\/","logo":{"@type":"ImageObject","inLanguage":"tr","@id":"https:\/\/shabab-society.ch\/tr\/#\/schema\/logo\/image\/","url":"https:\/\/shabab-society.ch\/wp-content\/uploads\/2024\/10\/Fivicon-1.png","contentUrl":"https:\/\/shabab-society.ch\/wp-content\/uploads\/2024\/10\/Fivicon-1.png","width":512,"height":512,"caption":"Shabab Society"},"image":{"@id":"https:\/\/shabab-society.ch\/tr\/#\/schema\/logo\/image\/"}}]}},"_links":{"self":[{"href":"https:\/\/shabab-society.ch\/tr\/wp-json\/wp\/v2\/pages\/969","targetHints":{"allow":["GET"]}}],"collection":[{"href":"https:\/\/shabab-society.ch\/tr\/wp-json\/wp\/v2\/pages"}],"about":[{"href":"https:\/\/shabab-society.ch\/tr\/wp-json\/wp\/v2\/types\/page"}],"author":[{"embeddable":true,"href":"https:\/\/shabab-society.ch\/tr\/wp-json\/wp\/v2\/users\/1"}],"replies":[{"embeddable":true,"href":"https:\/\/shabab-society.ch\/tr\/wp-json\/wp\/v2\/comments?post=969"}],"version-history":[{"count":2,"href":"https:\/\/shabab-society.ch\/tr\/wp-json\/wp\/v2\/pages\/969\/revisions"}],"predecessor-version":[{"id":971,"href":"https:\/\/shabab-society.ch\/tr\/wp-json\/wp\/v2\/pages\/969\/revisions\/971"}],"wp:attachment":[{"href":"https:\/\/shabab-society.ch\/tr\/wp-json\/wp\/v2\/media?parent=969"}],"curies":[{"name":"wp","href":"https:\/\/api.w.org\/{rel}","templated":true}]}}