{"id":964,"date":"2024-10-28T16:59:27","date_gmt":"2024-10-28T16:59:27","guid":{"rendered":"https:\/\/shabab-society.ch\/privacy-policy\/"},"modified":"2024-12-21T05:41:00","modified_gmt":"2024-12-21T05:41:00","slug":"gizlilik-politikasi","status":"publish","type":"page","link":"https:\/\/shabab-society.ch\/tr\/gizlilik-politikasi\/","title":{"rendered":"Gizlilik Politikas\u0131"},"content":{"rendered":"<div class=\"fusion-fullwidth fullwidth-box fusion-builder-row-1 fusion-flex-container nonhundred-percent-fullwidth non-hundred-percent-height-scrolling\" style=\"--awb-border-radius-top-left:0px;--awb-border-radius-top-right:0px;--awb-border-radius-bottom-right:0px;--awb-border-radius-bottom-left:0px;--awb-flex-wrap:wrap;\" ><div class=\"fusion-builder-row fusion-row fusion-flex-align-items-flex-start fusion-flex-content-wrap\" style=\"max-width:1248px;margin-left: calc(-4% \/ 2 );margin-right: calc(-4% \/ 2 );\"><div class=\"fusion-layout-column fusion_builder_column fusion-builder-column-0 fusion_builder_column_1_1 1_1 fusion-flex-column\" style=\"--awb-bg-size:cover;--awb-width-large:100%;--awb-margin-top-large:0px;--awb-spacing-right-large:1.92%;--awb-margin-bottom-large:0px;--awb-spacing-left-large:1.92%;--awb-width-medium:100%;--awb-spacing-right-medium:1.92%;--awb-spacing-left-medium:1.92%;--awb-width-small:100%;--awb-spacing-right-small:1.92%;--awb-spacing-left-small:1.92%;\"><div class=\"fusion-column-wrapper fusion-flex-justify-content-flex-start fusion-content-layout-column\"><div class=\"fusion-text fusion-text-1\"><h3><strong>Gizlilik Politikas\u0131 <\/strong><\/h3>\n<p><strong>Son G\u00fcncelleme: 10 Kas\u0131m 2024<\/strong><\/p>\n<p>Shabab \u015eirketi olarak, kullan\u0131c\u0131lar\u0131m\u0131z\u0131n gizlili\u011fine b\u00fcy\u00fck \u00f6nem veriyoruz. Gizlilik politikam\u0131zda, ki\u015fisel bilgilerinizi nas\u0131l toplad\u0131\u011f\u0131m\u0131z\u0131, nas\u0131l kulland\u0131\u011f\u0131m\u0131z\u0131 ve nas\u0131l korudu\u011fumuzu a\u00e7\u0131kl\u0131yoruz.<\/p>\n<ol>\n<li><strong>Toplad\u0131\u011f\u0131m\u0131z Bilgiler:<\/strong> Sitemizi kulland\u0131\u011f\u0131n\u0131zda ki\u015fisel bilgilerinizi topluyoruz, bunlar aras\u0131nda ad\u0131n\u0131z, adresiniz, do\u011fum tarihiniz, ya\u015f\u0131n\u0131z, uyru\u011funuz, sa\u00e7 sa\u011fl\u0131\u011f\u0131n\u0131z, genel sa\u011fl\u0131k durumunuz, e-posta adresiniz, telefon numaran\u0131z, kullan\u0131c\u0131 ad\u0131n\u0131z ve \u015fifreniz, \u00f6nceki sipari\u015fleriniz, \u00f6deme bilgileriniz ve sat\u0131n alma tarihiniz bulunmaktad\u0131r.<\/li>\n<li><strong>Bilgilerin Kullan\u0131m \u015eekli:<\/strong> Bilgilerinizi, taleplerinizi i\u015flemek ve yerine getirmek ile hizmetlerimizi geli\u015ftirmek i\u00e7in kullan\u0131yoruz. Ki\u015fisel sa\u011fl\u0131k bilgileriniz sadece \u015firket i\u00e7inde tutulur ve bu bilgilere yaln\u0131zca \u015firket i\u00e7indeki yetkili ki\u015filer eri\u015febilir. Di\u011fer bilgiler ise, \u00fcr\u00fcn\u00fcn\u00fcz\u00fc size ula\u015ft\u0131rmak i\u00e7in gerekli olan bilgilerdir ve bu bilgileri, \u00fcr\u00fcn\u00fcn\u00fcz\u00fc size teslim etmekle y\u00fck\u00fcml\u00fc olan kargo \u015firketiyle payla\u015f\u0131yoruz. Kargo \u015firketinden, ki\u015fisel verilerinizin g\u00fcvenli\u011fini sa\u011flamak ve \u015firketimizin politikalar\u0131na ve talimatlar\u0131na uygun olarak i\u015flenmesini istemekteyiz.<\/li>\n<li><strong>Veri Saklama:<\/strong> \u015eirket, d\u00fczenli olarak \u00fcr\u00fcnlerini sat\u0131n alan m\u00fc\u015fterilerinin ki\u015fisel verilerini saklar.<\/li>\n<li><strong>Haklar\u0131n\u0131z:<\/strong> Ki\u015fisel bilgilerinize istedi\u011finiz zaman eri\u015fim talep edebilir, bu bilgileri d\u00fczeltebilir veya silebilirsiniz. Bu haklar\u0131n\u0131z\u0131 kullanmak i\u00e7in l\u00fctfen bizimle (<a href=\"mailto:turkiyeoffice@shabab-society.ch\">turkiyeoffice@shabab-society.ch<\/a> \/ <a href=\"tel:00905309002297\">0090 530 900 22 97<\/a>) yoluyla ileti\u015fime ge\u00e7iniz.<\/li>\n<li><strong>G\u00fcvenlik:<\/strong> Bilgilerinizi korumak i\u00e7in geli\u015fmi\u015f g\u00fcvenlik \u00f6nlemleri al\u0131yoruz. Bu \u00f6nlemler, \u015fifreleme, g\u00fcvenlik duvarlar\u0131 ve veri eri\u015fimini s\u0131n\u0131rlama gibi idari, teknik ve fiziksel g\u00fcvenlik \u00f6nlemlerini i\u00e7erir.<\/li>\n<li><strong>\u00c7erezler:<\/strong> \u00c7erez ayarlar\u0131n\u0131z\u0131 taray\u0131c\u0131n\u0131z\u0131n ayarlar\u0131 \u00fczerinden ayarlayabilirsiniz.<\/li>\n<li><strong>De\u011fi\u015fiklikler:<\/strong> Gizlilik politikam\u0131zda zaman zaman de\u011fi\u015fiklik yapabiliriz. Herhangi bir de\u011fi\u015fiklik oldu\u011funda, g\u00fcncellenmi\u015f politikay\u0131 web sitemizde yay\u0131mlayarak sizi bilgilendirece\u011fiz.<\/li>\n<li>Gizlilik politikas\u0131 hakk\u0131nda herhangi bir sorunuz varsa, l\u00fctfen (<a href=\"mailto:turkiyeoffice@shabab-society.ch\">turkiyeoffice@shabab-society.ch<\/a> \/ <a href=\"tel:00905309002297\">0090 530 900 22 97<\/a>) yoluyla bizimle ileti\u015fime ge\u00e7iniz.<\/li>\n<\/ol>\n<\/div><\/div><\/div><\/div><\/div>\n","protected":false},"excerpt":{"rendered":"","protected":false},"author":1,"featured_media":0,"parent":0,"menu_order":0,"comment_status":"closed","ping_status":"closed","template":"","meta":{"_acf_changed":false,"footnotes":""},"class_list":["post-964","page","type-page","status-publish","hentry"],"acf":[],"yoast_head":"<!-- This site is optimized with the Yoast SEO plugin v27.4 - https:\/\/yoast.com\/product\/yoast-seo-wordpress\/ -->\n<title>Gizlilik Politikas\u0131 - SHABAB SOCIETY<\/title>\n<meta name=\"robots\" content=\"index, follow, max-snippet:-1, max-image-preview:large, max-video-preview:-1\" \/>\n<link rel=\"canonical\" href=\"https:\/\/shabab-society.ch\/tr\/gizlilik-politikasi\/\" \/>\n<meta property=\"og:locale\" content=\"tr_TR\" \/>\n<meta property=\"og:type\" content=\"article\" \/>\n<meta property=\"og:title\" content=\"Gizlilik Politikas\u0131 - SHABAB SOCIETY\" \/>\n<meta property=\"og:url\" content=\"https:\/\/shabab-society.ch\/tr\/gizlilik-politikasi\/\" \/>\n<meta property=\"og:site_name\" content=\"SHABAB SOCIETY\" \/>\n<meta property=\"article:modified_time\" content=\"2024-12-21T05:41:00+00:00\" \/>\n<meta property=\"og:image\" content=\"https:\/\/shabab-society.ch\/wp-content\/uploads\/2024\/10\/Shabab-Social-Featured-Image.webp\" \/>\n\t<meta property=\"og:image:width\" content=\"2049\" \/>\n\t<meta property=\"og:image:height\" content=\"1152\" \/>\n\t<meta property=\"og:image:type\" content=\"image\/webp\" \/>\n<meta name=\"twitter:card\" content=\"summary_large_image\" \/>\n<meta name=\"twitter:label1\" content=\"Tahmini okuma s\u00fcresi\" \/>\n\t<meta name=\"twitter:data1\" content=\"3 dakika\" \/>\n<script type=\"application\/ld+json\" class=\"yoast-schema-graph\">{\"@context\":\"https:\\\/\\\/schema.org\",\"@graph\":[{\"@type\":\"WebPage\",\"@id\":\"https:\\\/\\\/shabab-society.ch\\\/tr\\\/gizlilik-politikasi\\\/\",\"url\":\"https:\\\/\\\/shabab-society.ch\\\/tr\\\/gizlilik-politikasi\\\/\",\"name\":\"Gizlilik Politikas\u0131 - SHABAB SOCIETY\",\"isPartOf\":{\"@id\":\"https:\\\/\\\/shabab-society.ch\\\/tr\\\/#website\"},\"datePublished\":\"2024-10-28T16:59:27+00:00\",\"dateModified\":\"2024-12-21T05:41:00+00:00\",\"breadcrumb\":{\"@id\":\"https:\\\/\\\/shabab-society.ch\\\/tr\\\/gizlilik-politikasi\\\/#breadcrumb\"},\"inLanguage\":\"tr\",\"potentialAction\":[{\"@type\":\"ReadAction\",\"target\":[\"https:\\\/\\\/shabab-society.ch\\\/tr\\\/gizlilik-politikasi\\\/\"]}]},{\"@type\":\"BreadcrumbList\",\"@id\":\"https:\\\/\\\/shabab-society.ch\\\/tr\\\/gizlilik-politikasi\\\/#breadcrumb\",\"itemListElement\":[{\"@type\":\"ListItem\",\"position\":1,\"name\":\"Home\",\"item\":\"https:\\\/\\\/shabab-society.ch\\\/tr\\\/\"},{\"@type\":\"ListItem\",\"position\":2,\"name\":\"Gizlilik Politikas\u0131\"}]},{\"@type\":\"WebSite\",\"@id\":\"https:\\\/\\\/shabab-society.ch\\\/tr\\\/#website\",\"url\":\"https:\\\/\\\/shabab-society.ch\\\/tr\\\/\",\"name\":\"Shabab Society\",\"description\":\"Our goal is people\u2019s wellbeing and happiness\",\"publisher\":{\"@id\":\"https:\\\/\\\/shabab-society.ch\\\/tr\\\/#organization\"},\"potentialAction\":[{\"@type\":\"SearchAction\",\"target\":{\"@type\":\"EntryPoint\",\"urlTemplate\":\"https:\\\/\\\/shabab-society.ch\\\/tr\\\/?s={search_term_string}\"},\"query-input\":{\"@type\":\"PropertyValueSpecification\",\"valueRequired\":true,\"valueName\":\"search_term_string\"}}],\"inLanguage\":\"tr\"},{\"@type\":\"Organization\",\"@id\":\"https:\\\/\\\/shabab-society.ch\\\/tr\\\/#organization\",\"name\":\"Shabab Society\",\"url\":\"https:\\\/\\\/shabab-society.ch\\\/tr\\\/\",\"logo\":{\"@type\":\"ImageObject\",\"inLanguage\":\"tr\",\"@id\":\"https:\\\/\\\/shabab-society.ch\\\/tr\\\/#\\\/schema\\\/logo\\\/image\\\/\",\"url\":\"https:\\\/\\\/shabab-society.ch\\\/wp-content\\\/uploads\\\/2024\\\/10\\\/Fivicon-1.png\",\"contentUrl\":\"https:\\\/\\\/shabab-society.ch\\\/wp-content\\\/uploads\\\/2024\\\/10\\\/Fivicon-1.png\",\"width\":512,\"height\":512,\"caption\":\"Shabab Society\"},\"image\":{\"@id\":\"https:\\\/\\\/shabab-society.ch\\\/tr\\\/#\\\/schema\\\/logo\\\/image\\\/\"}}]}<\/script>\n<!-- \/ Yoast SEO plugin. -->","yoast_head_json":{"title":"Gizlilik Politikas\u0131 - SHABAB SOCIETY","robots":{"index":"index","follow":"follow","max-snippet":"max-snippet:-1","max-image-preview":"max-image-preview:large","max-video-preview":"max-video-preview:-1"},"canonical":"https:\/\/shabab-society.ch\/tr\/gizlilik-politikasi\/","og_locale":"tr_TR","og_type":"article","og_title":"Gizlilik Politikas\u0131 - SHABAB SOCIETY","og_url":"https:\/\/shabab-society.ch\/tr\/gizlilik-politikasi\/","og_site_name":"SHABAB SOCIETY","article_modified_time":"2024-12-21T05:41:00+00:00","og_image":[{"width":2049,"height":1152,"url":"https:\/\/shabab-society.ch\/wp-content\/uploads\/2024\/10\/Shabab-Social-Featured-Image.webp","type":"image\/webp"}],"twitter_card":"summary_large_image","twitter_misc":{"Tahmini okuma s\u00fcresi":"3 dakika"},"schema":{"@context":"https:\/\/schema.org","@graph":[{"@type":"WebPage","@id":"https:\/\/shabab-society.ch\/tr\/gizlilik-politikasi\/","url":"https:\/\/shabab-society.ch\/tr\/gizlilik-politikasi\/","name":"Gizlilik Politikas\u0131 - SHABAB SOCIETY","isPartOf":{"@id":"https:\/\/shabab-society.ch\/tr\/#website"},"datePublished":"2024-10-28T16:59:27+00:00","dateModified":"2024-12-21T05:41:00+00:00","breadcrumb":{"@id":"https:\/\/shabab-society.ch\/tr\/gizlilik-politikasi\/#breadcrumb"},"inLanguage":"tr","potentialAction":[{"@type":"ReadAction","target":["https:\/\/shabab-society.ch\/tr\/gizlilik-politikasi\/"]}]},{"@type":"BreadcrumbList","@id":"https:\/\/shabab-society.ch\/tr\/gizlilik-politikasi\/#breadcrumb","itemListElement":[{"@type":"ListItem","position":1,"name":"Home","item":"https:\/\/shabab-society.ch\/tr\/"},{"@type":"ListItem","position":2,"name":"Gizlilik Politikas\u0131"}]},{"@type":"WebSite","@id":"https:\/\/shabab-society.ch\/tr\/#website","url":"https:\/\/shabab-society.ch\/tr\/","name":"Shabab Society","description":"Our goal is people\u2019s wellbeing and happiness","publisher":{"@id":"https:\/\/shabab-society.ch\/tr\/#organization"},"potentialAction":[{"@type":"SearchAction","target":{"@type":"EntryPoint","urlTemplate":"https:\/\/shabab-society.ch\/tr\/?s={search_term_string}"},"query-input":{"@type":"PropertyValueSpecification","valueRequired":true,"valueName":"search_term_string"}}],"inLanguage":"tr"},{"@type":"Organization","@id":"https:\/\/shabab-society.ch\/tr\/#organization","name":"Shabab Society","url":"https:\/\/shabab-society.ch\/tr\/","logo":{"@type":"ImageObject","inLanguage":"tr","@id":"https:\/\/shabab-society.ch\/tr\/#\/schema\/logo\/image\/","url":"https:\/\/shabab-society.ch\/wp-content\/uploads\/2024\/10\/Fivicon-1.png","contentUrl":"https:\/\/shabab-society.ch\/wp-content\/uploads\/2024\/10\/Fivicon-1.png","width":512,"height":512,"caption":"Shabab Society"},"image":{"@id":"https:\/\/shabab-society.ch\/tr\/#\/schema\/logo\/image\/"}}]}},"_links":{"self":[{"href":"https:\/\/shabab-society.ch\/tr\/wp-json\/wp\/v2\/pages\/964","targetHints":{"allow":["GET"]}}],"collection":[{"href":"https:\/\/shabab-society.ch\/tr\/wp-json\/wp\/v2\/pages"}],"about":[{"href":"https:\/\/shabab-society.ch\/tr\/wp-json\/wp\/v2\/types\/page"}],"author":[{"embeddable":true,"href":"https:\/\/shabab-society.ch\/tr\/wp-json\/wp\/v2\/users\/1"}],"replies":[{"embeddable":true,"href":"https:\/\/shabab-society.ch\/tr\/wp-json\/wp\/v2\/comments?post=964"}],"version-history":[{"count":4,"href":"https:\/\/shabab-society.ch\/tr\/wp-json\/wp\/v2\/pages\/964\/revisions"}],"predecessor-version":[{"id":965,"href":"https:\/\/shabab-society.ch\/tr\/wp-json\/wp\/v2\/pages\/964\/revisions\/965"}],"wp:attachment":[{"href":"https:\/\/shabab-society.ch\/tr\/wp-json\/wp\/v2\/media?parent=964"}],"curies":[{"name":"wp","href":"https:\/\/api.w.org\/{rel}","templated":true}]}}