{"id":1411,"date":"2024-11-10T19:24:25","date_gmt":"2024-11-10T19:24:25","guid":{"rendered":"https:\/\/shabab-society.ch\/terms-and-conditions\/"},"modified":"2025-03-27T12:10:44","modified_gmt":"2025-03-27T12:10:44","slug":"conditions-generales","status":"publish","type":"page","link":"https:\/\/shabab-society.ch\/fr\/conditions-generales\/","title":{"rendered":"Conditions g\u00e9n\u00e9rales"},"content":{"rendered":"<div class=\"fusion-fullwidth fullwidth-box fusion-builder-row-1 fusion-flex-container nonhundred-percent-fullwidth non-hundred-percent-height-scrolling\" style=\"--awb-border-radius-top-left:0px;--awb-border-radius-top-right:0px;--awb-border-radius-bottom-right:0px;--awb-border-radius-bottom-left:0px;--awb-flex-wrap:wrap;\" ><div class=\"fusion-builder-row fusion-row fusion-flex-align-items-flex-start fusion-flex-content-wrap\" style=\"max-width:1248px;margin-left: calc(-4% \/ 2 );margin-right: calc(-4% \/ 2 );\"><div class=\"fusion-layout-column fusion_builder_column fusion-builder-column-0 fusion_builder_column_1_1 1_1 fusion-flex-column\" style=\"--awb-bg-size:cover;--awb-width-large:100%;--awb-margin-top-large:0px;--awb-spacing-right-large:1.92%;--awb-margin-bottom-large:0px;--awb-spacing-left-large:1.92%;--awb-width-medium:100%;--awb-spacing-right-medium:1.92%;--awb-spacing-left-medium:1.92%;--awb-width-small:100%;--awb-spacing-right-small:1.92%;--awb-spacing-left-small:1.92%;\"><div class=\"fusion-column-wrapper fusion-flex-justify-content-flex-start fusion-content-layout-column\"><div class=\"fusion-text fusion-text-1\"><h3>Conditions g\u00e9n\u00e9rales de vente<\/h3>\n<p><strong>Derni\u00e8re mise \u00e0 jour : 10 novembre 2024<\/strong><\/p>\n<p>Bienvenue sur le site web de Shabab Society. En utilisant notre site web et en achetant des produits, vous acceptez les conditions g\u00e9n\u00e9rales suivantes. Veuillez les lire attentivement avant de passer une commande.<\/p>\n<ol>\n<li>En acceptant ces conditions, vous consentez \u00e0 toutes les conditions \u00e9nonc\u00e9es ici.<\/li>\n<li>Les prix et les produits figurant sur notre site web peuvent \u00eatre modifi\u00e9s sans pr\u00e9avis.<\/li>\n<li>Les commandes ne sont confirm\u00e9es qu&rsquo;apr\u00e8s r\u00e9ception du paiement. En cas de probl\u00e8me de paiement, le site web se r\u00e9serve le droit d&rsquo;annuler la commande.<\/li>\n<li>Les commandes sont exp\u00e9di\u00e9es \u00e0 l&rsquo;adresse indiqu\u00e9e par le client. Nous ne sommes pas responsables des retards dus \u00e0 des informations incorrectes.<\/li>\n<li>Les produits peuvent \u00eatre retourn\u00e9s dans un d\u00e9lai d&rsquo;une semaine apr\u00e8s r\u00e9ception, \u00e0 condition qu&rsquo;ils n&rsquo;aient pas \u00e9t\u00e9 utilis\u00e9s et qu&rsquo;ils soient dans leur \u00e9tat d&rsquo;origine.<\/li>\n<li>Nous couvrons les frais d&rsquo;exp\u00e9dition pour les retours ou les \u00e9changes uniquement s&rsquo;ils sont dus \u00e0 une erreur raisonnable de la part de l&rsquo;entreprise.<\/li>\n<li>Ces conditions sont r\u00e9gies par les lois de la R\u00e9publique de T\u00fcrkiye. En cas de litige, l\u2019entreprise cherchera une r\u00e9solution \u00e0 l\u2019amiable. Si les n\u00e9gociations \u00e9chouent, les litiges seront r\u00e9gl\u00e9s par les voies judiciaires appropri\u00e9es.<\/li>\n<li>Pour plus d&rsquo;informations concernant l&rsquo;utilisation de vos donn\u00e9es, veuillez vous r\u00e9f\u00e9rer \u00e0 notre <a href=\"https:\/\/shabab-society.ch\/fr\/politique-de-confidentialite\/\"><strong>Politique de confidentialit\u00e9<\/strong><\/a>.<\/li>\n<li>Nous nous r\u00e9servons le droit de modifier les pr\u00e9sentes conditions. Vous serez inform\u00e9s de toute modification par e-mail ou sur notre page <strong>\u00ab\u00a0Conditions g\u00e9n\u00e9rales\u00a0\u00bb<\/strong>.<\/li>\n<li>Pour toute question, veuillez nous contacter par e-mail ou par t\u00e9l\u00e9phone.<\/li>\n<\/ol>\n<\/div><\/div><\/div><\/div><\/div>\n","protected":false},"excerpt":{"rendered":"","protected":false},"author":1,"featured_media":0,"parent":0,"menu_order":0,"comment_status":"closed","ping_status":"closed","template":"100-width.php","meta":{"_acf_changed":false,"footnotes":""},"class_list":["post-1411","page","type-page","status-publish","hentry"],"acf":[],"yoast_head":"<!-- This site is optimized with the Yoast SEO plugin v27.4 - https:\/\/yoast.com\/product\/yoast-seo-wordpress\/ -->\n<title>Conditions g\u00e9n\u00e9rales - Shabab Society<\/title>\n<meta name=\"robots\" content=\"index, follow, max-snippet:-1, max-image-preview:large, max-video-preview:-1\" \/>\n<link rel=\"canonical\" href=\"https:\/\/shabab-society.ch\/fr\/conditions-generales\/\" \/>\n<meta property=\"og:locale\" content=\"fr_FR\" \/>\n<meta property=\"og:type\" content=\"article\" \/>\n<meta property=\"og:title\" content=\"Conditions g\u00e9n\u00e9rales - Shabab Society\" \/>\n<meta property=\"og:url\" content=\"https:\/\/shabab-society.ch\/fr\/conditions-generales\/\" \/>\n<meta property=\"og:site_name\" content=\"Shabab Society\" \/>\n<meta property=\"article:modified_time\" content=\"2025-03-27T12:10:44+00:00\" \/>\n<meta property=\"og:image\" content=\"https:\/\/shabab-society.ch\/wp-content\/uploads\/2024\/10\/Shabab-Social-Featured-Image.webp\" \/>\n\t<meta property=\"og:image:width\" content=\"2049\" \/>\n\t<meta property=\"og:image:height\" content=\"1152\" \/>\n\t<meta property=\"og:image:type\" content=\"image\/webp\" \/>\n<meta name=\"twitter:card\" content=\"summary_large_image\" \/>\n<meta name=\"twitter:label1\" content=\"Dur\u00e9e de lecture estim\u00e9e\" \/>\n\t<meta name=\"twitter:data1\" content=\"3 minutes\" \/>\n<script type=\"application\/ld+json\" class=\"yoast-schema-graph\">{\"@context\":\"https:\\\/\\\/schema.org\",\"@graph\":[{\"@type\":\"WebPage\",\"@id\":\"https:\\\/\\\/shabab-society.ch\\\/fr\\\/conditions-generales\\\/\",\"url\":\"https:\\\/\\\/shabab-society.ch\\\/fr\\\/conditions-generales\\\/\",\"name\":\"Conditions g\u00e9n\u00e9rales - Shabab Society\",\"isPartOf\":{\"@id\":\"https:\\\/\\\/shabab-society.ch\\\/fr\\\/#website\"},\"datePublished\":\"2024-11-10T19:24:25+00:00\",\"dateModified\":\"2025-03-27T12:10:44+00:00\",\"breadcrumb\":{\"@id\":\"https:\\\/\\\/shabab-society.ch\\\/fr\\\/conditions-generales\\\/#breadcrumb\"},\"inLanguage\":\"fr-FR\",\"potentialAction\":[{\"@type\":\"ReadAction\",\"target\":[\"https:\\\/\\\/shabab-society.ch\\\/fr\\\/conditions-generales\\\/\"]}]},{\"@type\":\"BreadcrumbList\",\"@id\":\"https:\\\/\\\/shabab-society.ch\\\/fr\\\/conditions-generales\\\/#breadcrumb\",\"itemListElement\":[{\"@type\":\"ListItem\",\"position\":1,\"name\":\"Home\",\"item\":\"https:\\\/\\\/shabab-society.ch\\\/fr\\\/\"},{\"@type\":\"ListItem\",\"position\":2,\"name\":\"Conditions g\u00e9n\u00e9rales\"}]},{\"@type\":\"WebSite\",\"@id\":\"https:\\\/\\\/shabab-society.ch\\\/fr\\\/#website\",\"url\":\"https:\\\/\\\/shabab-society.ch\\\/fr\\\/\",\"name\":\"Shabab Society\",\"description\":\"Our goal is people\u2019s wellbeing and happiness\",\"publisher\":{\"@id\":\"https:\\\/\\\/shabab-society.ch\\\/fr\\\/#organization\"},\"potentialAction\":[{\"@type\":\"SearchAction\",\"target\":{\"@type\":\"EntryPoint\",\"urlTemplate\":\"https:\\\/\\\/shabab-society.ch\\\/fr\\\/?s={search_term_string}\"},\"query-input\":{\"@type\":\"PropertyValueSpecification\",\"valueRequired\":true,\"valueName\":\"search_term_string\"}}],\"inLanguage\":\"fr-FR\"},{\"@type\":\"Organization\",\"@id\":\"https:\\\/\\\/shabab-society.ch\\\/fr\\\/#organization\",\"name\":\"Shabab Society\",\"url\":\"https:\\\/\\\/shabab-society.ch\\\/fr\\\/\",\"logo\":{\"@type\":\"ImageObject\",\"inLanguage\":\"fr-FR\",\"@id\":\"https:\\\/\\\/shabab-society.ch\\\/fr\\\/#\\\/schema\\\/logo\\\/image\\\/\",\"url\":\"https:\\\/\\\/shabab-society.ch\\\/wp-content\\\/uploads\\\/2024\\\/10\\\/Fivicon-1.png\",\"contentUrl\":\"https:\\\/\\\/shabab-society.ch\\\/wp-content\\\/uploads\\\/2024\\\/10\\\/Fivicon-1.png\",\"width\":512,\"height\":512,\"caption\":\"Shabab Society\"},\"image\":{\"@id\":\"https:\\\/\\\/shabab-society.ch\\\/fr\\\/#\\\/schema\\\/logo\\\/image\\\/\"}}]}<\/script>\n<!-- \/ Yoast SEO plugin. -->","yoast_head_json":{"title":"Conditions g\u00e9n\u00e9rales - Shabab Society","robots":{"index":"index","follow":"follow","max-snippet":"max-snippet:-1","max-image-preview":"max-image-preview:large","max-video-preview":"max-video-preview:-1"},"canonical":"https:\/\/shabab-society.ch\/fr\/conditions-generales\/","og_locale":"fr_FR","og_type":"article","og_title":"Conditions g\u00e9n\u00e9rales - Shabab Society","og_url":"https:\/\/shabab-society.ch\/fr\/conditions-generales\/","og_site_name":"Shabab Society","article_modified_time":"2025-03-27T12:10:44+00:00","og_image":[{"width":2049,"height":1152,"url":"https:\/\/shabab-society.ch\/wp-content\/uploads\/2024\/10\/Shabab-Social-Featured-Image.webp","type":"image\/webp"}],"twitter_card":"summary_large_image","twitter_misc":{"Dur\u00e9e de lecture estim\u00e9e":"3 minutes"},"schema":{"@context":"https:\/\/schema.org","@graph":[{"@type":"WebPage","@id":"https:\/\/shabab-society.ch\/fr\/conditions-generales\/","url":"https:\/\/shabab-society.ch\/fr\/conditions-generales\/","name":"Conditions g\u00e9n\u00e9rales - Shabab Society","isPartOf":{"@id":"https:\/\/shabab-society.ch\/fr\/#website"},"datePublished":"2024-11-10T19:24:25+00:00","dateModified":"2025-03-27T12:10:44+00:00","breadcrumb":{"@id":"https:\/\/shabab-society.ch\/fr\/conditions-generales\/#breadcrumb"},"inLanguage":"fr-FR","potentialAction":[{"@type":"ReadAction","target":["https:\/\/shabab-society.ch\/fr\/conditions-generales\/"]}]},{"@type":"BreadcrumbList","@id":"https:\/\/shabab-society.ch\/fr\/conditions-generales\/#breadcrumb","itemListElement":[{"@type":"ListItem","position":1,"name":"Home","item":"https:\/\/shabab-society.ch\/fr\/"},{"@type":"ListItem","position":2,"name":"Conditions g\u00e9n\u00e9rales"}]},{"@type":"WebSite","@id":"https:\/\/shabab-society.ch\/fr\/#website","url":"https:\/\/shabab-society.ch\/fr\/","name":"Shabab Society","description":"Our goal is people\u2019s wellbeing and happiness","publisher":{"@id":"https:\/\/shabab-society.ch\/fr\/#organization"},"potentialAction":[{"@type":"SearchAction","target":{"@type":"EntryPoint","urlTemplate":"https:\/\/shabab-society.ch\/fr\/?s={search_term_string}"},"query-input":{"@type":"PropertyValueSpecification","valueRequired":true,"valueName":"search_term_string"}}],"inLanguage":"fr-FR"},{"@type":"Organization","@id":"https:\/\/shabab-society.ch\/fr\/#organization","name":"Shabab Society","url":"https:\/\/shabab-society.ch\/fr\/","logo":{"@type":"ImageObject","inLanguage":"fr-FR","@id":"https:\/\/shabab-society.ch\/fr\/#\/schema\/logo\/image\/","url":"https:\/\/shabab-society.ch\/wp-content\/uploads\/2024\/10\/Fivicon-1.png","contentUrl":"https:\/\/shabab-society.ch\/wp-content\/uploads\/2024\/10\/Fivicon-1.png","width":512,"height":512,"caption":"Shabab Society"},"image":{"@id":"https:\/\/shabab-society.ch\/fr\/#\/schema\/logo\/image\/"}}]}},"_links":{"self":[{"href":"https:\/\/shabab-society.ch\/fr\/wp-json\/wp\/v2\/pages\/1411","targetHints":{"allow":["GET"]}}],"collection":[{"href":"https:\/\/shabab-society.ch\/fr\/wp-json\/wp\/v2\/pages"}],"about":[{"href":"https:\/\/shabab-society.ch\/fr\/wp-json\/wp\/v2\/types\/page"}],"author":[{"embeddable":true,"href":"https:\/\/shabab-society.ch\/fr\/wp-json\/wp\/v2\/users\/1"}],"replies":[{"embeddable":true,"href":"https:\/\/shabab-society.ch\/fr\/wp-json\/wp\/v2\/comments?post=1411"}],"version-history":[{"count":5,"href":"https:\/\/shabab-society.ch\/fr\/wp-json\/wp\/v2\/pages\/1411\/revisions"}],"predecessor-version":[{"id":1853,"href":"https:\/\/shabab-society.ch\/fr\/wp-json\/wp\/v2\/pages\/1411\/revisions\/1853"}],"wp:attachment":[{"href":"https:\/\/shabab-society.ch\/fr\/wp-json\/wp\/v2\/media?parent=1411"}],"curies":[{"name":"wp","href":"https:\/\/api.w.org\/{rel}","templated":true}]}}