{"id":1407,"date":"2024-11-10T19:26:59","date_gmt":"2024-11-10T19:26:59","guid":{"rendered":"https:\/\/shabab-society.ch\/delivery-return-and-refund-conditions\/"},"modified":"2025-02-26T10:00:05","modified_gmt":"2025-02-26T10:00:05","slug":"livraison-retour-et-remboursement","status":"publish","type":"page","link":"https:\/\/shabab-society.ch\/fr\/livraison-retour-et-remboursement\/","title":{"rendered":"Livraison, retour et remboursement"},"content":{"rendered":"<div class=\"fusion-fullwidth fullwidth-box fusion-builder-row-1 fusion-flex-container nonhundred-percent-fullwidth non-hundred-percent-height-scrolling\" style=\"--awb-border-radius-top-left:0px;--awb-border-radius-top-right:0px;--awb-border-radius-bottom-right:0px;--awb-border-radius-bottom-left:0px;--awb-flex-wrap:wrap;\" ><div class=\"fusion-builder-row fusion-row fusion-flex-align-items-flex-start fusion-flex-content-wrap\" style=\"max-width:1248px;margin-left: calc(-4% \/ 2 );margin-right: calc(-4% \/ 2 );\"><div class=\"fusion-layout-column fusion_builder_column fusion-builder-column-0 fusion_builder_column_1_1 1_1 fusion-flex-column\" style=\"--awb-bg-size:cover;--awb-width-large:100%;--awb-margin-top-large:0px;--awb-spacing-right-large:1.92%;--awb-margin-bottom-large:0px;--awb-spacing-left-large:1.92%;--awb-width-medium:100%;--awb-spacing-right-medium:1.92%;--awb-spacing-left-medium:1.92%;--awb-width-small:100%;--awb-spacing-right-small:1.92%;--awb-spacing-left-small:1.92%;\"><div class=\"fusion-column-wrapper fusion-flex-justify-content-flex-start fusion-content-layout-column\"><div class=\"fusion-text fusion-text-1\"><h3>Contrat de livraison des produits<\/h3>\n<p><strong>Derni\u00e8re mise \u00e0 jour : 10 novembre 2024<\/strong><\/p>\n<ol>\n<li>Le pr\u00e9sent contrat r\u00e9git les conditions de livraison entre Shabab Society et ses clients.<\/li>\n<li>Le client accepte ces conditions de livraison lorsqu&rsquo;il ach\u00e8te des produits chez Shabab Society.<\/li>\n<\/ol>\n<p><strong>Conditions de livraison<\/strong><\/p>\n<ol>\n<li>Shabab Society s&rsquo;engage \u00e0 envoyer les produits command\u00e9s au transporteur dans un d\u00e9lai maximum de deux jours \u00e0 compter de la date de la commande.<\/li>\n<li>Les produits seront livr\u00e9s \u00e0 l&rsquo;adresse indiqu\u00e9e par le client, qui doit \u00eatre fournie avec exactitude.<\/li>\n<li>Le d\u00e9lai de livraison est soumis au calendrier de la soci\u00e9t\u00e9 d&rsquo;exp\u00e9dition ; il peut donc y avoir des retards de livraison.<\/li>\n<li>Le client doit inspecter les produits lors de la livraison. En cas de dommage constat\u00e9, il ne doit pas accepter le produit et doit le signaler en le documentant aupr\u00e8s du transporteur. \u00c0 d\u00e9faut, cela implique l\u2019acceptation du produit en bon \u00e9tat.<\/li>\n<\/ol>\n<p><strong>Conditions de retour et d&rsquo;\u00e9change<\/strong><\/p>\n<ol>\n<li>Shabab Society n&rsquo;accepte ni retour ni \u00e9change de ses produits. Le client accepte cette condition lors de l&rsquo;achat.<\/li>\n<li>Tout dommage ou d\u00e9faut doit \u00eatre signal\u00e9 au transporteur et document\u00e9 au moment de la livraison.<\/li>\n<\/ol>\n<p><strong>Litiges et proc\u00e9dures judiciaires<\/strong><\/p>\n<ol>\n<li>Les litiges d\u00e9coulant du pr\u00e9sent contrat seront r\u00e9gl\u00e9s par les tribunaux du si\u00e8ge de Shabab Society.<\/li>\n<li>Le pr\u00e9sent contrat est r\u00e9gi par les lois de la R\u00e9publique turque.<\/li>\n<\/ol>\n<p><strong>Application<\/strong><\/p>\n<ol>\n<li>Le pr\u00e9sent contrat prend effet d\u00e8s son acceptation par le client.<\/li>\n<\/ol>\n<\/div><\/div><\/div><\/div><\/div>\n","protected":false},"excerpt":{"rendered":"","protected":false},"author":1,"featured_media":0,"parent":0,"menu_order":0,"comment_status":"closed","ping_status":"closed","template":"100-width.php","meta":{"_acf_changed":false,"footnotes":""},"class_list":["post-1407","page","type-page","status-publish","hentry"],"acf":[],"yoast_head":"<!-- This site is optimized with the Yoast SEO plugin v27.4 - https:\/\/yoast.com\/product\/yoast-seo-wordpress\/ -->\n<title>Livraison, retour et remboursement - Shabab Society<\/title>\n<meta name=\"robots\" content=\"index, follow, max-snippet:-1, max-image-preview:large, max-video-preview:-1\" \/>\n<link rel=\"canonical\" href=\"https:\/\/shabab-society.ch\/fr\/livraison-retour-et-remboursement\/\" \/>\n<meta property=\"og:locale\" content=\"fr_FR\" \/>\n<meta property=\"og:type\" content=\"article\" \/>\n<meta property=\"og:title\" content=\"Livraison, retour et remboursement - Shabab Society\" \/>\n<meta property=\"og:url\" content=\"https:\/\/shabab-society.ch\/fr\/livraison-retour-et-remboursement\/\" \/>\n<meta property=\"og:site_name\" content=\"Shabab Society\" \/>\n<meta property=\"article:modified_time\" content=\"2025-02-26T10:00:05+00:00\" \/>\n<meta property=\"og:image\" content=\"https:\/\/shabab-society.ch\/wp-content\/uploads\/2024\/10\/Shabab-Social-Featured-Image.webp\" \/>\n\t<meta property=\"og:image:width\" content=\"2049\" \/>\n\t<meta property=\"og:image:height\" content=\"1152\" \/>\n\t<meta property=\"og:image:type\" content=\"image\/webp\" \/>\n<meta name=\"twitter:card\" content=\"summary_large_image\" \/>\n<meta name=\"twitter:label1\" content=\"Dur\u00e9e de lecture estim\u00e9e\" \/>\n\t<meta name=\"twitter:data1\" content=\"3 minutes\" \/>\n<script type=\"application\/ld+json\" class=\"yoast-schema-graph\">{\"@context\":\"https:\\\/\\\/schema.org\",\"@graph\":[{\"@type\":\"WebPage\",\"@id\":\"https:\\\/\\\/shabab-society.ch\\\/fr\\\/livraison-retour-et-remboursement\\\/\",\"url\":\"https:\\\/\\\/shabab-society.ch\\\/fr\\\/livraison-retour-et-remboursement\\\/\",\"name\":\"Livraison, retour et remboursement - Shabab Society\",\"isPartOf\":{\"@id\":\"https:\\\/\\\/shabab-society.ch\\\/fr\\\/#website\"},\"datePublished\":\"2024-11-10T19:26:59+00:00\",\"dateModified\":\"2025-02-26T10:00:05+00:00\",\"breadcrumb\":{\"@id\":\"https:\\\/\\\/shabab-society.ch\\\/fr\\\/livraison-retour-et-remboursement\\\/#breadcrumb\"},\"inLanguage\":\"fr-FR\",\"potentialAction\":[{\"@type\":\"ReadAction\",\"target\":[\"https:\\\/\\\/shabab-society.ch\\\/fr\\\/livraison-retour-et-remboursement\\\/\"]}]},{\"@type\":\"BreadcrumbList\",\"@id\":\"https:\\\/\\\/shabab-society.ch\\\/fr\\\/livraison-retour-et-remboursement\\\/#breadcrumb\",\"itemListElement\":[{\"@type\":\"ListItem\",\"position\":1,\"name\":\"Home\",\"item\":\"https:\\\/\\\/shabab-society.ch\\\/fr\\\/\"},{\"@type\":\"ListItem\",\"position\":2,\"name\":\"Livraison, retour et remboursement\"}]},{\"@type\":\"WebSite\",\"@id\":\"https:\\\/\\\/shabab-society.ch\\\/fr\\\/#website\",\"url\":\"https:\\\/\\\/shabab-society.ch\\\/fr\\\/\",\"name\":\"Shabab Society\",\"description\":\"Our goal is people\u2019s wellbeing and happiness\",\"publisher\":{\"@id\":\"https:\\\/\\\/shabab-society.ch\\\/fr\\\/#organization\"},\"potentialAction\":[{\"@type\":\"SearchAction\",\"target\":{\"@type\":\"EntryPoint\",\"urlTemplate\":\"https:\\\/\\\/shabab-society.ch\\\/fr\\\/?s={search_term_string}\"},\"query-input\":{\"@type\":\"PropertyValueSpecification\",\"valueRequired\":true,\"valueName\":\"search_term_string\"}}],\"inLanguage\":\"fr-FR\"},{\"@type\":\"Organization\",\"@id\":\"https:\\\/\\\/shabab-society.ch\\\/fr\\\/#organization\",\"name\":\"Shabab Society\",\"url\":\"https:\\\/\\\/shabab-society.ch\\\/fr\\\/\",\"logo\":{\"@type\":\"ImageObject\",\"inLanguage\":\"fr-FR\",\"@id\":\"https:\\\/\\\/shabab-society.ch\\\/fr\\\/#\\\/schema\\\/logo\\\/image\\\/\",\"url\":\"https:\\\/\\\/shabab-society.ch\\\/wp-content\\\/uploads\\\/2024\\\/10\\\/Fivicon-1.png\",\"contentUrl\":\"https:\\\/\\\/shabab-society.ch\\\/wp-content\\\/uploads\\\/2024\\\/10\\\/Fivicon-1.png\",\"width\":512,\"height\":512,\"caption\":\"Shabab Society\"},\"image\":{\"@id\":\"https:\\\/\\\/shabab-society.ch\\\/fr\\\/#\\\/schema\\\/logo\\\/image\\\/\"}}]}<\/script>\n<!-- \/ Yoast SEO plugin. -->","yoast_head_json":{"title":"Livraison, retour et remboursement - Shabab Society","robots":{"index":"index","follow":"follow","max-snippet":"max-snippet:-1","max-image-preview":"max-image-preview:large","max-video-preview":"max-video-preview:-1"},"canonical":"https:\/\/shabab-society.ch\/fr\/livraison-retour-et-remboursement\/","og_locale":"fr_FR","og_type":"article","og_title":"Livraison, retour et remboursement - Shabab Society","og_url":"https:\/\/shabab-society.ch\/fr\/livraison-retour-et-remboursement\/","og_site_name":"Shabab Society","article_modified_time":"2025-02-26T10:00:05+00:00","og_image":[{"width":2049,"height":1152,"url":"https:\/\/shabab-society.ch\/wp-content\/uploads\/2024\/10\/Shabab-Social-Featured-Image.webp","type":"image\/webp"}],"twitter_card":"summary_large_image","twitter_misc":{"Dur\u00e9e de lecture estim\u00e9e":"3 minutes"},"schema":{"@context":"https:\/\/schema.org","@graph":[{"@type":"WebPage","@id":"https:\/\/shabab-society.ch\/fr\/livraison-retour-et-remboursement\/","url":"https:\/\/shabab-society.ch\/fr\/livraison-retour-et-remboursement\/","name":"Livraison, retour et remboursement - Shabab Society","isPartOf":{"@id":"https:\/\/shabab-society.ch\/fr\/#website"},"datePublished":"2024-11-10T19:26:59+00:00","dateModified":"2025-02-26T10:00:05+00:00","breadcrumb":{"@id":"https:\/\/shabab-society.ch\/fr\/livraison-retour-et-remboursement\/#breadcrumb"},"inLanguage":"fr-FR","potentialAction":[{"@type":"ReadAction","target":["https:\/\/shabab-society.ch\/fr\/livraison-retour-et-remboursement\/"]}]},{"@type":"BreadcrumbList","@id":"https:\/\/shabab-society.ch\/fr\/livraison-retour-et-remboursement\/#breadcrumb","itemListElement":[{"@type":"ListItem","position":1,"name":"Home","item":"https:\/\/shabab-society.ch\/fr\/"},{"@type":"ListItem","position":2,"name":"Livraison, retour et remboursement"}]},{"@type":"WebSite","@id":"https:\/\/shabab-society.ch\/fr\/#website","url":"https:\/\/shabab-society.ch\/fr\/","name":"Shabab Society","description":"Our goal is people\u2019s wellbeing and happiness","publisher":{"@id":"https:\/\/shabab-society.ch\/fr\/#organization"},"potentialAction":[{"@type":"SearchAction","target":{"@type":"EntryPoint","urlTemplate":"https:\/\/shabab-society.ch\/fr\/?s={search_term_string}"},"query-input":{"@type":"PropertyValueSpecification","valueRequired":true,"valueName":"search_term_string"}}],"inLanguage":"fr-FR"},{"@type":"Organization","@id":"https:\/\/shabab-society.ch\/fr\/#organization","name":"Shabab Society","url":"https:\/\/shabab-society.ch\/fr\/","logo":{"@type":"ImageObject","inLanguage":"fr-FR","@id":"https:\/\/shabab-society.ch\/fr\/#\/schema\/logo\/image\/","url":"https:\/\/shabab-society.ch\/wp-content\/uploads\/2024\/10\/Fivicon-1.png","contentUrl":"https:\/\/shabab-society.ch\/wp-content\/uploads\/2024\/10\/Fivicon-1.png","width":512,"height":512,"caption":"Shabab Society"},"image":{"@id":"https:\/\/shabab-society.ch\/fr\/#\/schema\/logo\/image\/"}}]}},"_links":{"self":[{"href":"https:\/\/shabab-society.ch\/fr\/wp-json\/wp\/v2\/pages\/1407","targetHints":{"allow":["GET"]}}],"collection":[{"href":"https:\/\/shabab-society.ch\/fr\/wp-json\/wp\/v2\/pages"}],"about":[{"href":"https:\/\/shabab-society.ch\/fr\/wp-json\/wp\/v2\/types\/page"}],"author":[{"embeddable":true,"href":"https:\/\/shabab-society.ch\/fr\/wp-json\/wp\/v2\/users\/1"}],"replies":[{"embeddable":true,"href":"https:\/\/shabab-society.ch\/fr\/wp-json\/wp\/v2\/comments?post=1407"}],"version-history":[{"count":2,"href":"https:\/\/shabab-society.ch\/fr\/wp-json\/wp\/v2\/pages\/1407\/revisions"}],"predecessor-version":[{"id":1409,"href":"https:\/\/shabab-society.ch\/fr\/wp-json\/wp\/v2\/pages\/1407\/revisions\/1409"}],"wp:attachment":[{"href":"https:\/\/shabab-society.ch\/fr\/wp-json\/wp\/v2\/media?parent=1407"}],"curies":[{"name":"wp","href":"https:\/\/api.w.org\/{rel}","templated":true}]}}