{"id":1403,"date":"2024-10-28T16:59:27","date_gmt":"2024-10-28T16:59:27","guid":{"rendered":"https:\/\/shabab-society.ch\/privacy-policy\/"},"modified":"2025-02-26T09:55:45","modified_gmt":"2025-02-26T09:55:45","slug":"politique-de-confidentialite","status":"publish","type":"page","link":"https:\/\/shabab-society.ch\/fr\/politique-de-confidentialite\/","title":{"rendered":"Politique de confidentialit\u00e9"},"content":{"rendered":"<div class=\"fusion-fullwidth fullwidth-box fusion-builder-row-1 fusion-flex-container nonhundred-percent-fullwidth non-hundred-percent-height-scrolling\" style=\"--awb-border-radius-top-left:0px;--awb-border-radius-top-right:0px;--awb-border-radius-bottom-right:0px;--awb-border-radius-bottom-left:0px;--awb-flex-wrap:wrap;\" ><div class=\"fusion-builder-row fusion-row fusion-flex-align-items-flex-start fusion-flex-content-wrap\" style=\"max-width:1248px;margin-left: calc(-4% \/ 2 );margin-right: calc(-4% \/ 2 );\"><div class=\"fusion-layout-column fusion_builder_column fusion-builder-column-0 fusion_builder_column_1_1 1_1 fusion-flex-column\" style=\"--awb-bg-size:cover;--awb-width-large:100%;--awb-margin-top-large:0px;--awb-spacing-right-large:1.92%;--awb-margin-bottom-large:0px;--awb-spacing-left-large:1.92%;--awb-width-medium:100%;--awb-spacing-right-medium:1.92%;--awb-spacing-left-medium:1.92%;--awb-width-small:100%;--awb-spacing-right-small:1.92%;--awb-spacing-left-small:1.92%;\"><div class=\"fusion-column-wrapper fusion-flex-justify-content-flex-start fusion-content-layout-column\"><div class=\"fusion-text fusion-text-1\"><h3>Politique de confidentialit\u00e9<\/h3>\n<p><strong>Derni\u00e8re mise \u00e0 jour : 10 novembre 2024<\/strong><\/p>\n<p>Chez Shabab Society, nous priorisons la protection de la vie priv\u00e9e de nos utilisatrices et utilisateurs. Cette politique explique comment nous recueillons, utilisons et prot\u00e9geons vos informations personnelles.<\/p>\n<ol>\n<li><strong>Les informations que nous recueillons<\/strong> : Nous recueillons vos informations personnelles lorsque vous utilisez notre site web, telles que vos nom, pr\u00e9nom, adresse, date de naissance, \u00e2ge, nationalit\u00e9, \u00e9tat de sant\u00e9 (cheveux et corps), adresse \u00e9lectronique, num\u00e9ro de t\u00e9l\u00e9phone, nom d&rsquo;utilisateur, mot de passe, commandes pr\u00e9c\u00e9dentes, informations de paiement et historique d&rsquo;achat.<\/li>\n<li><strong>Comment nous utilisons vos informations<\/strong> : Vos informations nous permettent de traiter les demandes, \u00e0 ex\u00e9cuter les commandes et \u00e0 am\u00e9liorer nos services. Les informations relatives \u00e0 la sant\u00e9 sont strictement conserv\u00e9es au sein de l&rsquo;entreprise et ne sont pas communiqu\u00e9es \u00e0 des tiers, \u00e0 l&rsquo;exception des prestataires de services de l&rsquo;entreprise. Les informations relatives \u00e0 la livraison sont communiqu\u00e9es \u00e0 la soci\u00e9t\u00e9 d&rsquo;exp\u00e9dition afin de faciliter la livraison des produits, en lui demandant de prot\u00e9ger vos informations et de respecter nos normes en mati\u00e8re de protection de la vie priv\u00e9e. Nous nous r\u00e9servons le droit de divulguer vos informations en cas d&rsquo;obligation l\u00e9gale.<\/li>\n<li><strong>Conservation des donn\u00e9es<\/strong> : Nous conservons les donn\u00e9es personnelles des clientes et clients qui ach\u00e8tent nos produits \u00e0 plusieurs reprises.<\/li>\n<li><strong>Vos droits<\/strong> : Vous pouvez \u00e0 tout moment acc\u00e9der \u00e0 vos informations personnelles, les modifier ou les supprimer. Pour y apporter des modifications, veuillez nous contacter par e-mail ou par t\u00e9l\u00e9phone.<\/li>\n<li><strong>S\u00e9curit\u00e9<\/strong> : Nous mettons en \u0153uvre des mesures de s\u00e9curit\u00e9 avanc\u00e9es (personnelles, administratives, techniques et mat\u00e9rielles) pour prot\u00e9ger vos informations, y compris le cryptage, les pare-feu et les contr\u00f4les d&rsquo;acc\u00e8s.<\/li>\n<li><strong>Politique en mati\u00e8re de cookies<\/strong> : Vous pouvez contr\u00f4ler les param\u00e8tres des cookies via votre navigateur.<\/li>\n<li><strong>Modifications de la politique<\/strong> : Nous mettons \u00e0 jour la pr\u00e9sente politique de confidentialit\u00e9 p\u00e9riodiquement. Les mises \u00e0 jour sont publi\u00e9es sur notre site web.<\/li>\n<li>En cas de questions concernant notre politique de confidentialit\u00e9, veuillez nous contacter par e-mail ou par t\u00e9l\u00e9phone.<\/li>\n<\/ol>\n<\/div><\/div><\/div><\/div><\/div>\n","protected":false},"excerpt":{"rendered":"","protected":false},"author":1,"featured_media":0,"parent":0,"menu_order":0,"comment_status":"closed","ping_status":"closed","template":"","meta":{"_acf_changed":false,"footnotes":""},"class_list":["post-1403","page","type-page","status-publish","hentry"],"acf":[],"yoast_head":"<!-- This site is optimized with the Yoast SEO plugin v27.4 - https:\/\/yoast.com\/product\/yoast-seo-wordpress\/ -->\n<title>Politique de confidentialit\u00e9 - Shabab Society<\/title>\n<meta name=\"robots\" content=\"index, follow, max-snippet:-1, max-image-preview:large, max-video-preview:-1\" \/>\n<link rel=\"canonical\" href=\"https:\/\/shabab-society.ch\/fr\/politique-de-confidentialite\/\" \/>\n<meta property=\"og:locale\" content=\"fr_FR\" \/>\n<meta property=\"og:type\" content=\"article\" \/>\n<meta property=\"og:title\" content=\"Politique de confidentialit\u00e9 - Shabab Society\" \/>\n<meta property=\"og:url\" content=\"https:\/\/shabab-society.ch\/fr\/politique-de-confidentialite\/\" \/>\n<meta property=\"og:site_name\" content=\"Shabab Society\" \/>\n<meta property=\"article:modified_time\" content=\"2025-02-26T09:55:45+00:00\" \/>\n<meta property=\"og:image\" content=\"https:\/\/shabab-society.ch\/wp-content\/uploads\/2024\/10\/Shabab-Social-Featured-Image.webp\" \/>\n\t<meta property=\"og:image:width\" content=\"2049\" \/>\n\t<meta property=\"og:image:height\" content=\"1152\" \/>\n\t<meta property=\"og:image:type\" content=\"image\/webp\" \/>\n<meta name=\"twitter:card\" content=\"summary_large_image\" \/>\n<meta name=\"twitter:label1\" content=\"Dur\u00e9e de lecture estim\u00e9e\" \/>\n\t<meta name=\"twitter:data1\" content=\"3 minutes\" \/>\n<script type=\"application\/ld+json\" class=\"yoast-schema-graph\">{\"@context\":\"https:\\\/\\\/schema.org\",\"@graph\":[{\"@type\":\"WebPage\",\"@id\":\"https:\\\/\\\/shabab-society.ch\\\/fr\\\/politique-de-confidentialite\\\/\",\"url\":\"https:\\\/\\\/shabab-society.ch\\\/fr\\\/politique-de-confidentialite\\\/\",\"name\":\"Politique de confidentialit\u00e9 - Shabab Society\",\"isPartOf\":{\"@id\":\"https:\\\/\\\/shabab-society.ch\\\/fr\\\/#website\"},\"datePublished\":\"2024-10-28T16:59:27+00:00\",\"dateModified\":\"2025-02-26T09:55:45+00:00\",\"breadcrumb\":{\"@id\":\"https:\\\/\\\/shabab-society.ch\\\/fr\\\/politique-de-confidentialite\\\/#breadcrumb\"},\"inLanguage\":\"fr-FR\",\"potentialAction\":[{\"@type\":\"ReadAction\",\"target\":[\"https:\\\/\\\/shabab-society.ch\\\/fr\\\/politique-de-confidentialite\\\/\"]}]},{\"@type\":\"BreadcrumbList\",\"@id\":\"https:\\\/\\\/shabab-society.ch\\\/fr\\\/politique-de-confidentialite\\\/#breadcrumb\",\"itemListElement\":[{\"@type\":\"ListItem\",\"position\":1,\"name\":\"Home\",\"item\":\"https:\\\/\\\/shabab-society.ch\\\/fr\\\/\"},{\"@type\":\"ListItem\",\"position\":2,\"name\":\"Politique de confidentialit\u00e9\"}]},{\"@type\":\"WebSite\",\"@id\":\"https:\\\/\\\/shabab-society.ch\\\/fr\\\/#website\",\"url\":\"https:\\\/\\\/shabab-society.ch\\\/fr\\\/\",\"name\":\"Shabab Society\",\"description\":\"Our goal is people\u2019s wellbeing and happiness\",\"publisher\":{\"@id\":\"https:\\\/\\\/shabab-society.ch\\\/fr\\\/#organization\"},\"potentialAction\":[{\"@type\":\"SearchAction\",\"target\":{\"@type\":\"EntryPoint\",\"urlTemplate\":\"https:\\\/\\\/shabab-society.ch\\\/fr\\\/?s={search_term_string}\"},\"query-input\":{\"@type\":\"PropertyValueSpecification\",\"valueRequired\":true,\"valueName\":\"search_term_string\"}}],\"inLanguage\":\"fr-FR\"},{\"@type\":\"Organization\",\"@id\":\"https:\\\/\\\/shabab-society.ch\\\/fr\\\/#organization\",\"name\":\"Shabab Society\",\"url\":\"https:\\\/\\\/shabab-society.ch\\\/fr\\\/\",\"logo\":{\"@type\":\"ImageObject\",\"inLanguage\":\"fr-FR\",\"@id\":\"https:\\\/\\\/shabab-society.ch\\\/fr\\\/#\\\/schema\\\/logo\\\/image\\\/\",\"url\":\"https:\\\/\\\/shabab-society.ch\\\/wp-content\\\/uploads\\\/2024\\\/10\\\/Fivicon-1.png\",\"contentUrl\":\"https:\\\/\\\/shabab-society.ch\\\/wp-content\\\/uploads\\\/2024\\\/10\\\/Fivicon-1.png\",\"width\":512,\"height\":512,\"caption\":\"Shabab Society\"},\"image\":{\"@id\":\"https:\\\/\\\/shabab-society.ch\\\/fr\\\/#\\\/schema\\\/logo\\\/image\\\/\"}}]}<\/script>\n<!-- \/ Yoast SEO plugin. -->","yoast_head_json":{"title":"Politique de confidentialit\u00e9 - Shabab Society","robots":{"index":"index","follow":"follow","max-snippet":"max-snippet:-1","max-image-preview":"max-image-preview:large","max-video-preview":"max-video-preview:-1"},"canonical":"https:\/\/shabab-society.ch\/fr\/politique-de-confidentialite\/","og_locale":"fr_FR","og_type":"article","og_title":"Politique de confidentialit\u00e9 - Shabab Society","og_url":"https:\/\/shabab-society.ch\/fr\/politique-de-confidentialite\/","og_site_name":"Shabab Society","article_modified_time":"2025-02-26T09:55:45+00:00","og_image":[{"width":2049,"height":1152,"url":"https:\/\/shabab-society.ch\/wp-content\/uploads\/2024\/10\/Shabab-Social-Featured-Image.webp","type":"image\/webp"}],"twitter_card":"summary_large_image","twitter_misc":{"Dur\u00e9e de lecture estim\u00e9e":"3 minutes"},"schema":{"@context":"https:\/\/schema.org","@graph":[{"@type":"WebPage","@id":"https:\/\/shabab-society.ch\/fr\/politique-de-confidentialite\/","url":"https:\/\/shabab-society.ch\/fr\/politique-de-confidentialite\/","name":"Politique de confidentialit\u00e9 - Shabab Society","isPartOf":{"@id":"https:\/\/shabab-society.ch\/fr\/#website"},"datePublished":"2024-10-28T16:59:27+00:00","dateModified":"2025-02-26T09:55:45+00:00","breadcrumb":{"@id":"https:\/\/shabab-society.ch\/fr\/politique-de-confidentialite\/#breadcrumb"},"inLanguage":"fr-FR","potentialAction":[{"@type":"ReadAction","target":["https:\/\/shabab-society.ch\/fr\/politique-de-confidentialite\/"]}]},{"@type":"BreadcrumbList","@id":"https:\/\/shabab-society.ch\/fr\/politique-de-confidentialite\/#breadcrumb","itemListElement":[{"@type":"ListItem","position":1,"name":"Home","item":"https:\/\/shabab-society.ch\/fr\/"},{"@type":"ListItem","position":2,"name":"Politique de confidentialit\u00e9"}]},{"@type":"WebSite","@id":"https:\/\/shabab-society.ch\/fr\/#website","url":"https:\/\/shabab-society.ch\/fr\/","name":"Shabab Society","description":"Our goal is people\u2019s wellbeing and happiness","publisher":{"@id":"https:\/\/shabab-society.ch\/fr\/#organization"},"potentialAction":[{"@type":"SearchAction","target":{"@type":"EntryPoint","urlTemplate":"https:\/\/shabab-society.ch\/fr\/?s={search_term_string}"},"query-input":{"@type":"PropertyValueSpecification","valueRequired":true,"valueName":"search_term_string"}}],"inLanguage":"fr-FR"},{"@type":"Organization","@id":"https:\/\/shabab-society.ch\/fr\/#organization","name":"Shabab Society","url":"https:\/\/shabab-society.ch\/fr\/","logo":{"@type":"ImageObject","inLanguage":"fr-FR","@id":"https:\/\/shabab-society.ch\/fr\/#\/schema\/logo\/image\/","url":"https:\/\/shabab-society.ch\/wp-content\/uploads\/2024\/10\/Fivicon-1.png","contentUrl":"https:\/\/shabab-society.ch\/wp-content\/uploads\/2024\/10\/Fivicon-1.png","width":512,"height":512,"caption":"Shabab Society"},"image":{"@id":"https:\/\/shabab-society.ch\/fr\/#\/schema\/logo\/image\/"}}]}},"_links":{"self":[{"href":"https:\/\/shabab-society.ch\/fr\/wp-json\/wp\/v2\/pages\/1403","targetHints":{"allow":["GET"]}}],"collection":[{"href":"https:\/\/shabab-society.ch\/fr\/wp-json\/wp\/v2\/pages"}],"about":[{"href":"https:\/\/shabab-society.ch\/fr\/wp-json\/wp\/v2\/types\/page"}],"author":[{"embeddable":true,"href":"https:\/\/shabab-society.ch\/fr\/wp-json\/wp\/v2\/users\/1"}],"replies":[{"embeddable":true,"href":"https:\/\/shabab-society.ch\/fr\/wp-json\/wp\/v2\/comments?post=1403"}],"version-history":[{"count":1,"href":"https:\/\/shabab-society.ch\/fr\/wp-json\/wp\/v2\/pages\/1403\/revisions"}],"predecessor-version":[{"id":1404,"href":"https:\/\/shabab-society.ch\/fr\/wp-json\/wp\/v2\/pages\/1403\/revisions\/1404"}],"wp:attachment":[{"href":"https:\/\/shabab-society.ch\/fr\/wp-json\/wp\/v2\/media?parent=1403"}],"curies":[{"name":"wp","href":"https:\/\/api.w.org\/{rel}","templated":true}]}}