{"id":1400,"date":"2024-11-10T19:20:51","date_gmt":"2024-11-10T19:20:51","guid":{"rendered":"https:\/\/shabab-society.ch\/cookie-policy\/"},"modified":"2025-02-26T10:23:40","modified_gmt":"2025-02-26T10:23:40","slug":"politique-des-cookies","status":"publish","type":"page","link":"https:\/\/shabab-society.ch\/fr\/politique-des-cookies\/","title":{"rendered":"Politique des cookies"},"content":{"rendered":"<div class=\"fusion-fullwidth fullwidth-box fusion-builder-row-1 fusion-flex-container nonhundred-percent-fullwidth non-hundred-percent-height-scrolling\" style=\"--awb-border-radius-top-left:0px;--awb-border-radius-top-right:0px;--awb-border-radius-bottom-right:0px;--awb-border-radius-bottom-left:0px;--awb-flex-wrap:wrap;\" ><div class=\"fusion-builder-row fusion-row fusion-flex-align-items-flex-start fusion-flex-content-wrap\" style=\"max-width:1248px;margin-left: calc(-4% \/ 2 );margin-right: calc(-4% \/ 2 );\"><div class=\"fusion-layout-column fusion_builder_column fusion-builder-column-0 fusion_builder_column_1_1 1_1 fusion-flex-column\" style=\"--awb-bg-size:cover;--awb-width-large:100%;--awb-margin-top-large:0px;--awb-spacing-right-large:1.92%;--awb-margin-bottom-large:0px;--awb-spacing-left-large:1.92%;--awb-width-medium:100%;--awb-spacing-right-medium:1.92%;--awb-spacing-left-medium:1.92%;--awb-width-small:100%;--awb-spacing-right-small:1.92%;--awb-spacing-left-small:1.92%;\"><div class=\"fusion-column-wrapper fusion-flex-justify-content-flex-start fusion-content-layout-column\"><div class=\"fusion-text fusion-text-1\"><h3>Politique en mati\u00e8re de cookies<\/h3>\n<p class=\"MsoNormal\" style=\"text-align: justify;\"><strong>Derni\u00e8re mise \u00e0 jour : 10 novembre 2024<\/strong><\/p>\n<p>Nous utilisons des cookies sur notre site web pour des raisons techniques, afin de vous fournir les services disponibles, de permettre la fonctionnalit\u00e9 du site et d&rsquo;am\u00e9liorer votre exp\u00e9rience. En continuant \u00e0 utiliser ce site web, vous acceptez notre utilisation des cookies. Nous utilisons des cookies de base pour les fonctionnalit\u00e9s essentielles du site, pour analyser les performances et pour fournir un contenu personnalis\u00e9. Vous pouvez g\u00e9rer vos cookies par le biais des param\u00e8tres de votre navigateur ou en cliquant sur \u00ab Param\u00e8tres des cookies \u00bb au bas du site.<\/p>\n<p>Pour plus de d\u00e9tails sur la mani\u00e8re dont nous utilisons les cookies, veuillez consulter notre <a href=\"https:\/\/shabab-society.ch\/fr\/politique-de-confidentialite\/\"><strong><em>politique de confidentialit\u00e9<\/em><\/strong><\/a>. Si vous avez des questions, n&rsquo;h\u00e9sitez pas \u00e0 nous contacter.<\/p>\n<\/div><\/div><\/div><\/div><\/div>\n","protected":false},"excerpt":{"rendered":"","protected":false},"author":1,"featured_media":0,"parent":0,"menu_order":0,"comment_status":"closed","ping_status":"closed","template":"100-width.php","meta":{"_acf_changed":false,"footnotes":""},"class_list":["post-1400","page","type-page","status-publish","hentry"],"acf":[],"yoast_head":"<!-- This site is optimized with the Yoast SEO plugin v27.4 - https:\/\/yoast.com\/product\/yoast-seo-wordpress\/ -->\n<title>Politique des cookies - Shabab Society<\/title>\n<meta name=\"robots\" content=\"index, follow, max-snippet:-1, max-image-preview:large, max-video-preview:-1\" \/>\n<link rel=\"canonical\" href=\"https:\/\/shabab-society.ch\/fr\/politique-des-cookies\/\" \/>\n<meta property=\"og:locale\" content=\"fr_FR\" \/>\n<meta property=\"og:type\" content=\"article\" \/>\n<meta property=\"og:title\" content=\"Politique des cookies - Shabab Society\" \/>\n<meta property=\"og:url\" content=\"https:\/\/shabab-society.ch\/fr\/politique-des-cookies\/\" \/>\n<meta property=\"og:site_name\" content=\"Shabab Society\" \/>\n<meta property=\"article:modified_time\" content=\"2025-02-26T10:23:40+00:00\" \/>\n<meta property=\"og:image\" content=\"https:\/\/shabab-society.ch\/wp-content\/uploads\/2024\/10\/Shabab-Social-Featured-Image.webp\" \/>\n\t<meta property=\"og:image:width\" content=\"2049\" \/>\n\t<meta property=\"og:image:height\" content=\"1152\" \/>\n\t<meta property=\"og:image:type\" content=\"image\/webp\" \/>\n<meta name=\"twitter:card\" content=\"summary_large_image\" \/>\n<meta name=\"twitter:label1\" content=\"Dur\u00e9e de lecture estim\u00e9e\" \/>\n\t<meta name=\"twitter:data1\" content=\"2 minutes\" \/>\n<script type=\"application\/ld+json\" class=\"yoast-schema-graph\">{\"@context\":\"https:\\\/\\\/schema.org\",\"@graph\":[{\"@type\":\"WebPage\",\"@id\":\"https:\\\/\\\/shabab-society.ch\\\/fr\\\/politique-des-cookies\\\/\",\"url\":\"https:\\\/\\\/shabab-society.ch\\\/fr\\\/politique-des-cookies\\\/\",\"name\":\"Politique des cookies - Shabab Society\",\"isPartOf\":{\"@id\":\"https:\\\/\\\/shabab-society.ch\\\/fr\\\/#website\"},\"datePublished\":\"2024-11-10T19:20:51+00:00\",\"dateModified\":\"2025-02-26T10:23:40+00:00\",\"breadcrumb\":{\"@id\":\"https:\\\/\\\/shabab-society.ch\\\/fr\\\/politique-des-cookies\\\/#breadcrumb\"},\"inLanguage\":\"fr-FR\",\"potentialAction\":[{\"@type\":\"ReadAction\",\"target\":[\"https:\\\/\\\/shabab-society.ch\\\/fr\\\/politique-des-cookies\\\/\"]}]},{\"@type\":\"BreadcrumbList\",\"@id\":\"https:\\\/\\\/shabab-society.ch\\\/fr\\\/politique-des-cookies\\\/#breadcrumb\",\"itemListElement\":[{\"@type\":\"ListItem\",\"position\":1,\"name\":\"Home\",\"item\":\"https:\\\/\\\/shabab-society.ch\\\/fr\\\/\"},{\"@type\":\"ListItem\",\"position\":2,\"name\":\"Politique des cookies\"}]},{\"@type\":\"WebSite\",\"@id\":\"https:\\\/\\\/shabab-society.ch\\\/fr\\\/#website\",\"url\":\"https:\\\/\\\/shabab-society.ch\\\/fr\\\/\",\"name\":\"Shabab Society\",\"description\":\"Our goal is people\u2019s wellbeing and happiness\",\"publisher\":{\"@id\":\"https:\\\/\\\/shabab-society.ch\\\/fr\\\/#organization\"},\"potentialAction\":[{\"@type\":\"SearchAction\",\"target\":{\"@type\":\"EntryPoint\",\"urlTemplate\":\"https:\\\/\\\/shabab-society.ch\\\/fr\\\/?s={search_term_string}\"},\"query-input\":{\"@type\":\"PropertyValueSpecification\",\"valueRequired\":true,\"valueName\":\"search_term_string\"}}],\"inLanguage\":\"fr-FR\"},{\"@type\":\"Organization\",\"@id\":\"https:\\\/\\\/shabab-society.ch\\\/fr\\\/#organization\",\"name\":\"Shabab Society\",\"url\":\"https:\\\/\\\/shabab-society.ch\\\/fr\\\/\",\"logo\":{\"@type\":\"ImageObject\",\"inLanguage\":\"fr-FR\",\"@id\":\"https:\\\/\\\/shabab-society.ch\\\/fr\\\/#\\\/schema\\\/logo\\\/image\\\/\",\"url\":\"https:\\\/\\\/shabab-society.ch\\\/wp-content\\\/uploads\\\/2024\\\/10\\\/Fivicon-1.png\",\"contentUrl\":\"https:\\\/\\\/shabab-society.ch\\\/wp-content\\\/uploads\\\/2024\\\/10\\\/Fivicon-1.png\",\"width\":512,\"height\":512,\"caption\":\"Shabab Society\"},\"image\":{\"@id\":\"https:\\\/\\\/shabab-society.ch\\\/fr\\\/#\\\/schema\\\/logo\\\/image\\\/\"}}]}<\/script>\n<!-- \/ Yoast SEO plugin. -->","yoast_head_json":{"title":"Politique des cookies - Shabab Society","robots":{"index":"index","follow":"follow","max-snippet":"max-snippet:-1","max-image-preview":"max-image-preview:large","max-video-preview":"max-video-preview:-1"},"canonical":"https:\/\/shabab-society.ch\/fr\/politique-des-cookies\/","og_locale":"fr_FR","og_type":"article","og_title":"Politique des cookies - Shabab Society","og_url":"https:\/\/shabab-society.ch\/fr\/politique-des-cookies\/","og_site_name":"Shabab Society","article_modified_time":"2025-02-26T10:23:40+00:00","og_image":[{"width":2049,"height":1152,"url":"https:\/\/shabab-society.ch\/wp-content\/uploads\/2024\/10\/Shabab-Social-Featured-Image.webp","type":"image\/webp"}],"twitter_card":"summary_large_image","twitter_misc":{"Dur\u00e9e de lecture estim\u00e9e":"2 minutes"},"schema":{"@context":"https:\/\/schema.org","@graph":[{"@type":"WebPage","@id":"https:\/\/shabab-society.ch\/fr\/politique-des-cookies\/","url":"https:\/\/shabab-society.ch\/fr\/politique-des-cookies\/","name":"Politique des cookies - Shabab Society","isPartOf":{"@id":"https:\/\/shabab-society.ch\/fr\/#website"},"datePublished":"2024-11-10T19:20:51+00:00","dateModified":"2025-02-26T10:23:40+00:00","breadcrumb":{"@id":"https:\/\/shabab-society.ch\/fr\/politique-des-cookies\/#breadcrumb"},"inLanguage":"fr-FR","potentialAction":[{"@type":"ReadAction","target":["https:\/\/shabab-society.ch\/fr\/politique-des-cookies\/"]}]},{"@type":"BreadcrumbList","@id":"https:\/\/shabab-society.ch\/fr\/politique-des-cookies\/#breadcrumb","itemListElement":[{"@type":"ListItem","position":1,"name":"Home","item":"https:\/\/shabab-society.ch\/fr\/"},{"@type":"ListItem","position":2,"name":"Politique des cookies"}]},{"@type":"WebSite","@id":"https:\/\/shabab-society.ch\/fr\/#website","url":"https:\/\/shabab-society.ch\/fr\/","name":"Shabab Society","description":"Our goal is people\u2019s wellbeing and happiness","publisher":{"@id":"https:\/\/shabab-society.ch\/fr\/#organization"},"potentialAction":[{"@type":"SearchAction","target":{"@type":"EntryPoint","urlTemplate":"https:\/\/shabab-society.ch\/fr\/?s={search_term_string}"},"query-input":{"@type":"PropertyValueSpecification","valueRequired":true,"valueName":"search_term_string"}}],"inLanguage":"fr-FR"},{"@type":"Organization","@id":"https:\/\/shabab-society.ch\/fr\/#organization","name":"Shabab Society","url":"https:\/\/shabab-society.ch\/fr\/","logo":{"@type":"ImageObject","inLanguage":"fr-FR","@id":"https:\/\/shabab-society.ch\/fr\/#\/schema\/logo\/image\/","url":"https:\/\/shabab-society.ch\/wp-content\/uploads\/2024\/10\/Fivicon-1.png","contentUrl":"https:\/\/shabab-society.ch\/wp-content\/uploads\/2024\/10\/Fivicon-1.png","width":512,"height":512,"caption":"Shabab Society"},"image":{"@id":"https:\/\/shabab-society.ch\/fr\/#\/schema\/logo\/image\/"}}]}},"_links":{"self":[{"href":"https:\/\/shabab-society.ch\/fr\/wp-json\/wp\/v2\/pages\/1400","targetHints":{"allow":["GET"]}}],"collection":[{"href":"https:\/\/shabab-society.ch\/fr\/wp-json\/wp\/v2\/pages"}],"about":[{"href":"https:\/\/shabab-society.ch\/fr\/wp-json\/wp\/v2\/types\/page"}],"author":[{"embeddable":true,"href":"https:\/\/shabab-society.ch\/fr\/wp-json\/wp\/v2\/users\/1"}],"replies":[{"embeddable":true,"href":"https:\/\/shabab-society.ch\/fr\/wp-json\/wp\/v2\/comments?post=1400"}],"version-history":[{"count":3,"href":"https:\/\/shabab-society.ch\/fr\/wp-json\/wp\/v2\/pages\/1400\/revisions"}],"predecessor-version":[{"id":1468,"href":"https:\/\/shabab-society.ch\/fr\/wp-json\/wp\/v2\/pages\/1400\/revisions\/1468"}],"wp:attachment":[{"href":"https:\/\/shabab-society.ch\/fr\/wp-json\/wp\/v2\/media?parent=1400"}],"curies":[{"name":"wp","href":"https:\/\/api.w.org\/{rel}","templated":true}]}}