{"id":1696,"date":"2024-11-10T19:24:25","date_gmt":"2024-11-10T19:24:25","guid":{"rendered":"https:\/\/shabab-society.ch\/terms-and-conditions\/"},"modified":"2025-04-12T12:49:34","modified_gmt":"2025-04-12T12:49:34","slug":"agb","status":"publish","type":"page","link":"https:\/\/shabab-society.ch\/de\/agb\/","title":{"rendered":"AGB"},"content":{"rendered":"<div class=\"fusion-fullwidth fullwidth-box fusion-builder-row-1 fusion-flex-container nonhundred-percent-fullwidth non-hundred-percent-height-scrolling\" style=\"--awb-border-radius-top-left:0px;--awb-border-radius-top-right:0px;--awb-border-radius-bottom-right:0px;--awb-border-radius-bottom-left:0px;--awb-flex-wrap:wrap;\" ><div class=\"fusion-builder-row fusion-row fusion-flex-align-items-flex-start fusion-flex-content-wrap\" style=\"max-width:1248px;margin-left: calc(-4% \/ 2 );margin-right: calc(-4% \/ 2 );\"><div class=\"fusion-layout-column fusion_builder_column fusion-builder-column-0 fusion_builder_column_1_1 1_1 fusion-flex-column\" style=\"--awb-bg-size:cover;--awb-width-large:100%;--awb-margin-top-large:0px;--awb-spacing-right-large:1.92%;--awb-margin-bottom-large:0px;--awb-spacing-left-large:1.92%;--awb-width-medium:100%;--awb-spacing-right-medium:1.92%;--awb-spacing-left-medium:1.92%;--awb-width-small:100%;--awb-spacing-right-small:1.92%;--awb-spacing-left-small:1.92%;\"><div class=\"fusion-column-wrapper fusion-flex-justify-content-flex-start fusion-content-layout-column\"><div class=\"fusion-text fusion-text-1\"><h3>Allgemeine Gesch\u00e4ftsbedingungen<\/h3>\n<p><strong>Letzte Aktualisierung: 10. November 2024 <\/strong><\/p>\n<p>Willkommen auf der Website von Shabab Society. Durch die Nutzung unserer Website und den Kauf von Produkten erkl\u00e4ren Sie sich mit den folgenden Allgemeinen Gesch\u00e4ftsbedingungen einverstanden. Bitte lesen Sie diese sorgf\u00e4ltig durch, bevor Sie eine Bestellung aufgeben.<\/p>\n<ol>\n<li>Indem Sie diese Bedingungen akzeptieren, stimmen Sie allen hier aufgef\u00fchrten Bedingungen zu.<\/li>\n<li>Die Preise und Produkte auf unserer Website k\u00f6nnen ohne vorherige Ank\u00fcndigung ge\u00e4ndert werden.<\/li>\n<li>Bestellungen werden erst nach Zahlungseingang best\u00e4tigt. Im Falle eines Zahlungsproblems beh\u00e4lt sich die Website das Recht vor, die Bestellung zu stornieren.<\/li>\n<li>Die Bestellungen werden an die vom Kunden angegebene Adresse versandt. Wir haften nicht f\u00fcr Verz\u00f6gerungen aufgrund falscher Angaben.<\/li>\n<li>Produkte k\u00f6nnen innerhalb einer Woche nach Erhalt zur\u00fcckgegeben werden, sofern sie unbenutzt und in ihrem Originalzustand sind.<\/li>\n<li>Wir \u00fcbernehmen die Versandkosten f\u00fcr R\u00fccksendungen oder Umtausch nur, wenn diese auf einen angemessenen Fehler unsererseits zur\u00fcckzuf\u00fchren sind.<\/li>\n<li>Diese Bedingungen unterliegen den Gesetzen der Republik T\u00fcrkiye. Im Falle eines Rechtsstreits wird das Unternehmen eine g\u00fctliche Einigung anstreben. Wenn die Verhandlungen scheitern, werden die Streitigkeiten durch geeignete gerichtliche Mittel beigelegt.<\/li>\n<li>Weitere Informationen \u00fcber die Verwendung Ihrer Daten finden Sie in unserer <a href=\"https:\/\/shabab-society.ch\/de\/datenschutz\/\"><strong>Datenschutzrichtlinie<\/strong><\/a>.<\/li>\n<li>Wir behalten uns das Recht vor, diese Bedingungen zu \u00e4ndern. Sie werden per E-Mail oder auf unserer Seite \u00ab<a href=\"https:\/\/shabab-society.ch\/de\/agb\/\"> <strong>Allgemeine Gesch\u00e4ftsbedingungen <\/strong><\/a>\u00bb \u00fcber etwaige \u00c4nderungen informiert.<\/li>\n<li>Wenn Sie Fragen haben, kontaktieren Sie uns bitte per E-Mail oder Telefon.<\/li>\n<\/ol>\n<\/div><\/div><\/div><\/div><\/div>\n","protected":false},"excerpt":{"rendered":"","protected":false},"author":1,"featured_media":0,"parent":0,"menu_order":0,"comment_status":"closed","ping_status":"closed","template":"100-width.php","meta":{"_acf_changed":false,"footnotes":""},"class_list":["post-1696","page","type-page","status-publish","hentry"],"acf":[],"yoast_head":"<!-- This site is optimized with the Yoast SEO plugin v27.4 - https:\/\/yoast.com\/product\/yoast-seo-wordpress\/ -->\n<title>AGB - Shabab Society<\/title>\n<meta name=\"robots\" content=\"index, follow, max-snippet:-1, max-image-preview:large, max-video-preview:-1\" \/>\n<link rel=\"canonical\" href=\"https:\/\/shabab-society.ch\/de\/agb\/\" \/>\n<meta property=\"og:locale\" content=\"de_DE\" \/>\n<meta property=\"og:type\" content=\"article\" \/>\n<meta property=\"og:title\" content=\"AGB - Shabab Society\" \/>\n<meta property=\"og:url\" content=\"https:\/\/shabab-society.ch\/de\/agb\/\" \/>\n<meta property=\"og:site_name\" content=\"Shabab Society\" \/>\n<meta property=\"article:modified_time\" content=\"2025-04-12T12:49:34+00:00\" \/>\n<meta property=\"og:image\" content=\"https:\/\/shabab-society.ch\/wp-content\/uploads\/2024\/10\/Shabab-Social-Featured-Image.webp\" \/>\n\t<meta property=\"og:image:width\" content=\"2049\" \/>\n\t<meta property=\"og:image:height\" content=\"1152\" \/>\n\t<meta property=\"og:image:type\" content=\"image\/webp\" \/>\n<meta name=\"twitter:card\" content=\"summary_large_image\" \/>\n<meta name=\"twitter:label1\" content=\"Gesch\u00e4tzte Lesezeit\" \/>\n\t<meta name=\"twitter:data1\" content=\"2\u00a0Minute\" \/>\n<script type=\"application\/ld+json\" class=\"yoast-schema-graph\">{\"@context\":\"https:\\\/\\\/schema.org\",\"@graph\":[{\"@type\":\"WebPage\",\"@id\":\"https:\\\/\\\/shabab-society.ch\\\/de\\\/agb\\\/\",\"url\":\"https:\\\/\\\/shabab-society.ch\\\/de\\\/agb\\\/\",\"name\":\"AGB - Shabab Society\",\"isPartOf\":{\"@id\":\"https:\\\/\\\/shabab-society.ch\\\/de\\\/#website\"},\"datePublished\":\"2024-11-10T19:24:25+00:00\",\"dateModified\":\"2025-04-12T12:49:34+00:00\",\"breadcrumb\":{\"@id\":\"https:\\\/\\\/shabab-society.ch\\\/de\\\/agb\\\/#breadcrumb\"},\"inLanguage\":\"de\",\"potentialAction\":[{\"@type\":\"ReadAction\",\"target\":[\"https:\\\/\\\/shabab-society.ch\\\/de\\\/agb\\\/\"]}]},{\"@type\":\"BreadcrumbList\",\"@id\":\"https:\\\/\\\/shabab-society.ch\\\/de\\\/agb\\\/#breadcrumb\",\"itemListElement\":[{\"@type\":\"ListItem\",\"position\":1,\"name\":\"Home\",\"item\":\"https:\\\/\\\/shabab-society.ch\\\/de\\\/\"},{\"@type\":\"ListItem\",\"position\":2,\"name\":\"AGB\"}]},{\"@type\":\"WebSite\",\"@id\":\"https:\\\/\\\/shabab-society.ch\\\/de\\\/#website\",\"url\":\"https:\\\/\\\/shabab-society.ch\\\/de\\\/\",\"name\":\"Shabab Society\",\"description\":\"Our goal is people\u2019s wellbeing and happiness\",\"publisher\":{\"@id\":\"https:\\\/\\\/shabab-society.ch\\\/de\\\/#organization\"},\"potentialAction\":[{\"@type\":\"SearchAction\",\"target\":{\"@type\":\"EntryPoint\",\"urlTemplate\":\"https:\\\/\\\/shabab-society.ch\\\/de\\\/?s={search_term_string}\"},\"query-input\":{\"@type\":\"PropertyValueSpecification\",\"valueRequired\":true,\"valueName\":\"search_term_string\"}}],\"inLanguage\":\"de\"},{\"@type\":\"Organization\",\"@id\":\"https:\\\/\\\/shabab-society.ch\\\/de\\\/#organization\",\"name\":\"Shabab Society\",\"url\":\"https:\\\/\\\/shabab-society.ch\\\/de\\\/\",\"logo\":{\"@type\":\"ImageObject\",\"inLanguage\":\"de\",\"@id\":\"https:\\\/\\\/shabab-society.ch\\\/de\\\/#\\\/schema\\\/logo\\\/image\\\/\",\"url\":\"https:\\\/\\\/shabab-society.ch\\\/wp-content\\\/uploads\\\/2024\\\/10\\\/Fivicon-1.png\",\"contentUrl\":\"https:\\\/\\\/shabab-society.ch\\\/wp-content\\\/uploads\\\/2024\\\/10\\\/Fivicon-1.png\",\"width\":512,\"height\":512,\"caption\":\"Shabab Society\"},\"image\":{\"@id\":\"https:\\\/\\\/shabab-society.ch\\\/de\\\/#\\\/schema\\\/logo\\\/image\\\/\"}}]}<\/script>\n<!-- \/ Yoast SEO plugin. -->","yoast_head_json":{"title":"AGB - Shabab Society","robots":{"index":"index","follow":"follow","max-snippet":"max-snippet:-1","max-image-preview":"max-image-preview:large","max-video-preview":"max-video-preview:-1"},"canonical":"https:\/\/shabab-society.ch\/de\/agb\/","og_locale":"de_DE","og_type":"article","og_title":"AGB - Shabab Society","og_url":"https:\/\/shabab-society.ch\/de\/agb\/","og_site_name":"Shabab Society","article_modified_time":"2025-04-12T12:49:34+00:00","og_image":[{"width":2049,"height":1152,"url":"https:\/\/shabab-society.ch\/wp-content\/uploads\/2024\/10\/Shabab-Social-Featured-Image.webp","type":"image\/webp"}],"twitter_card":"summary_large_image","twitter_misc":{"Gesch\u00e4tzte Lesezeit":"2\u00a0Minute"},"schema":{"@context":"https:\/\/schema.org","@graph":[{"@type":"WebPage","@id":"https:\/\/shabab-society.ch\/de\/agb\/","url":"https:\/\/shabab-society.ch\/de\/agb\/","name":"AGB - Shabab Society","isPartOf":{"@id":"https:\/\/shabab-society.ch\/de\/#website"},"datePublished":"2024-11-10T19:24:25+00:00","dateModified":"2025-04-12T12:49:34+00:00","breadcrumb":{"@id":"https:\/\/shabab-society.ch\/de\/agb\/#breadcrumb"},"inLanguage":"de","potentialAction":[{"@type":"ReadAction","target":["https:\/\/shabab-society.ch\/de\/agb\/"]}]},{"@type":"BreadcrumbList","@id":"https:\/\/shabab-society.ch\/de\/agb\/#breadcrumb","itemListElement":[{"@type":"ListItem","position":1,"name":"Home","item":"https:\/\/shabab-society.ch\/de\/"},{"@type":"ListItem","position":2,"name":"AGB"}]},{"@type":"WebSite","@id":"https:\/\/shabab-society.ch\/de\/#website","url":"https:\/\/shabab-society.ch\/de\/","name":"Shabab Society","description":"Our goal is people\u2019s wellbeing and happiness","publisher":{"@id":"https:\/\/shabab-society.ch\/de\/#organization"},"potentialAction":[{"@type":"SearchAction","target":{"@type":"EntryPoint","urlTemplate":"https:\/\/shabab-society.ch\/de\/?s={search_term_string}"},"query-input":{"@type":"PropertyValueSpecification","valueRequired":true,"valueName":"search_term_string"}}],"inLanguage":"de"},{"@type":"Organization","@id":"https:\/\/shabab-society.ch\/de\/#organization","name":"Shabab Society","url":"https:\/\/shabab-society.ch\/de\/","logo":{"@type":"ImageObject","inLanguage":"de","@id":"https:\/\/shabab-society.ch\/de\/#\/schema\/logo\/image\/","url":"https:\/\/shabab-society.ch\/wp-content\/uploads\/2024\/10\/Fivicon-1.png","contentUrl":"https:\/\/shabab-society.ch\/wp-content\/uploads\/2024\/10\/Fivicon-1.png","width":512,"height":512,"caption":"Shabab Society"},"image":{"@id":"https:\/\/shabab-society.ch\/de\/#\/schema\/logo\/image\/"}}]}},"_links":{"self":[{"href":"https:\/\/shabab-society.ch\/de\/wp-json\/wp\/v2\/pages\/1696","targetHints":{"allow":["GET"]}}],"collection":[{"href":"https:\/\/shabab-society.ch\/de\/wp-json\/wp\/v2\/pages"}],"about":[{"href":"https:\/\/shabab-society.ch\/de\/wp-json\/wp\/v2\/types\/page"}],"author":[{"embeddable":true,"href":"https:\/\/shabab-society.ch\/de\/wp-json\/wp\/v2\/users\/1"}],"replies":[{"embeddable":true,"href":"https:\/\/shabab-society.ch\/de\/wp-json\/wp\/v2\/comments?post=1696"}],"version-history":[{"count":3,"href":"https:\/\/shabab-society.ch\/de\/wp-json\/wp\/v2\/pages\/1696\/revisions"}],"predecessor-version":[{"id":1885,"href":"https:\/\/shabab-society.ch\/de\/wp-json\/wp\/v2\/pages\/1696\/revisions\/1885"}],"wp:attachment":[{"href":"https:\/\/shabab-society.ch\/de\/wp-json\/wp\/v2\/media?parent=1696"}],"curies":[{"name":"wp","href":"https:\/\/api.w.org\/{rel}","templated":true}]}}