{"id":1692,"date":"2024-11-10T19:26:59","date_gmt":"2024-11-10T19:26:59","guid":{"rendered":"https:\/\/shabab-society.ch\/delivery-return-and-refund-conditions\/"},"modified":"2025-03-13T13:20:46","modified_gmt":"2025-03-13T13:20:46","slug":"lieferung-rueckgabe-und-erstattung","status":"publish","type":"page","link":"https:\/\/shabab-society.ch\/de\/lieferung-rueckgabe-und-erstattung\/","title":{"rendered":"Lieferung, R\u00fcckgabe und Erstattung"},"content":{"rendered":"<div class=\"fusion-fullwidth fullwidth-box fusion-builder-row-1 fusion-flex-container nonhundred-percent-fullwidth non-hundred-percent-height-scrolling\" style=\"--awb-border-radius-top-left:0px;--awb-border-radius-top-right:0px;--awb-border-radius-bottom-right:0px;--awb-border-radius-bottom-left:0px;--awb-flex-wrap:wrap;\" ><div class=\"fusion-builder-row fusion-row fusion-flex-align-items-flex-start fusion-flex-content-wrap\" style=\"max-width:1248px;margin-left: calc(-4% \/ 2 );margin-right: calc(-4% \/ 2 );\"><div class=\"fusion-layout-column fusion_builder_column fusion-builder-column-0 fusion_builder_column_1_1 1_1 fusion-flex-column\" style=\"--awb-bg-size:cover;--awb-width-large:100%;--awb-margin-top-large:0px;--awb-spacing-right-large:1.92%;--awb-margin-bottom-large:0px;--awb-spacing-left-large:1.92%;--awb-width-medium:100%;--awb-spacing-right-medium:1.92%;--awb-spacing-left-medium:1.92%;--awb-width-small:100%;--awb-spacing-right-small:1.92%;--awb-spacing-left-small:1.92%;\"><div class=\"fusion-column-wrapper fusion-flex-justify-content-flex-start fusion-content-layout-column\"><div class=\"fusion-text fusion-text-1\"><h3>Produktlieferungsvertrag<\/h3>\n<p><strong>Zuletzt aktualisiert: November 10, 2024<\/strong><\/p>\n<ol>\n<li>Dieser Vertrag regelt die Lieferbedingungen zwischen der Shabab Society und ihren Kunden.<\/li>\n<li>Mit dem Kauf von Produkten bei Shabab Society erkl\u00e4rt sich der Kunde mit diesen Lieferbedingungen einverstanden.<\/li>\n<\/ol>\n<p><strong>Lieferbedingungen<\/strong><\/p>\n<ol>\n<li>Shabab Society verpflichtet sich, die bestellten Produkte innerhalb von maximal zwei Tagen nach dem Bestelldatum an das Versandunternehmen zu senden.<\/li>\n<li>Die Produkte werden an die vom Kunden angegebene Adresse geliefert, die genau angegeben werden muss.<\/li>\n<li>Die Lieferzeit h\u00e4ngt vom Zeitplan des Versandunternehmens ab; daher kann es zu Verz\u00f6gerungen bei der Lieferung kommen.<\/li>\n<li>Der Kunde muss die Produkte bei der Lieferung \u00fcberpr\u00fcfen. Wenn er Sch\u00e4den feststellt, sollte er das Produkt nicht annehmen und dies dem Spediteur gegen\u00fcber dokumentieren. Geschieht dies nicht, gilt das Produkt als in gutem Zustand angenommen.<\/li>\n<\/ol>\n<p><strong>R\u00fcckgabe- und Umtauschbedingungen<\/strong><\/p>\n<ol>\n<li>Shabab Society akzeptiert keine R\u00fcckgabe oder Umtausch ihrer Produkte. Der Kunde erkl\u00e4rt sich mit dieser Bedingung beim Kauf einverstanden.<\/li>\n<li>Bei Sch\u00e4den oder M\u00e4ngeln m\u00fcssen diese bei der Lieferung an den Spediteur dokumentiert werden.<\/li>\n<\/ol>\n<p><strong>Streitigkeiten und Rechtsstreitigkeiten<\/strong><\/p>\n<ol>\n<li>Streitigkeiten, die sich aus diesem Vertrag ergeben, werden von den Gerichten am Sitz von Shabab Society entschieden.<\/li>\n<li>Dieser Vertrag unterliegt den Gesetzen der T\u00fcrkischen Republik.<\/li>\n<\/ol>\n<p><strong>Vollstreckung<\/strong><\/p>\n<ol>\n<li>Dieser Vertrag tritt in Kraft, sobald der Kunde ihm zustimmt.<\/li>\n<\/ol>\n<\/div><\/div><\/div><\/div><\/div>\n","protected":false},"excerpt":{"rendered":"","protected":false},"author":1,"featured_media":0,"parent":0,"menu_order":0,"comment_status":"closed","ping_status":"closed","template":"100-width.php","meta":{"_acf_changed":false,"footnotes":""},"class_list":["post-1692","page","type-page","status-publish","hentry"],"acf":[],"yoast_head":"<!-- This site is optimized with the Yoast SEO plugin v27.4 - https:\/\/yoast.com\/product\/yoast-seo-wordpress\/ -->\n<title>Lieferung, R\u00fcckgabe und Erstattung - Shabab Society<\/title>\n<meta name=\"robots\" content=\"index, follow, max-snippet:-1, max-image-preview:large, max-video-preview:-1\" \/>\n<link rel=\"canonical\" href=\"https:\/\/shabab-society.ch\/de\/lieferung-rueckgabe-und-erstattung\/\" \/>\n<meta property=\"og:locale\" content=\"de_DE\" \/>\n<meta property=\"og:type\" content=\"article\" \/>\n<meta property=\"og:title\" content=\"Lieferung, R\u00fcckgabe und Erstattung - Shabab Society\" \/>\n<meta property=\"og:url\" content=\"https:\/\/shabab-society.ch\/de\/lieferung-rueckgabe-und-erstattung\/\" \/>\n<meta property=\"og:site_name\" content=\"Shabab Society\" \/>\n<meta property=\"article:modified_time\" content=\"2025-03-13T13:20:46+00:00\" \/>\n<meta property=\"og:image\" content=\"https:\/\/shabab-society.ch\/wp-content\/uploads\/2024\/10\/Shabab-Social-Featured-Image.webp\" \/>\n\t<meta property=\"og:image:width\" content=\"2049\" \/>\n\t<meta property=\"og:image:height\" content=\"1152\" \/>\n\t<meta property=\"og:image:type\" content=\"image\/webp\" \/>\n<meta name=\"twitter:card\" content=\"summary_large_image\" \/>\n<meta name=\"twitter:label1\" content=\"Gesch\u00e4tzte Lesezeit\" \/>\n\t<meta name=\"twitter:data1\" content=\"2\u00a0Minute\" \/>\n<script type=\"application\/ld+json\" class=\"yoast-schema-graph\">{\"@context\":\"https:\\\/\\\/schema.org\",\"@graph\":[{\"@type\":\"WebPage\",\"@id\":\"https:\\\/\\\/shabab-society.ch\\\/de\\\/lieferung-rueckgabe-und-erstattung\\\/\",\"url\":\"https:\\\/\\\/shabab-society.ch\\\/de\\\/lieferung-rueckgabe-und-erstattung\\\/\",\"name\":\"Lieferung, R\u00fcckgabe und Erstattung - Shabab Society\",\"isPartOf\":{\"@id\":\"https:\\\/\\\/shabab-society.ch\\\/de\\\/#website\"},\"datePublished\":\"2024-11-10T19:26:59+00:00\",\"dateModified\":\"2025-03-13T13:20:46+00:00\",\"breadcrumb\":{\"@id\":\"https:\\\/\\\/shabab-society.ch\\\/de\\\/lieferung-rueckgabe-und-erstattung\\\/#breadcrumb\"},\"inLanguage\":\"de\",\"potentialAction\":[{\"@type\":\"ReadAction\",\"target\":[\"https:\\\/\\\/shabab-society.ch\\\/de\\\/lieferung-rueckgabe-und-erstattung\\\/\"]}]},{\"@type\":\"BreadcrumbList\",\"@id\":\"https:\\\/\\\/shabab-society.ch\\\/de\\\/lieferung-rueckgabe-und-erstattung\\\/#breadcrumb\",\"itemListElement\":[{\"@type\":\"ListItem\",\"position\":1,\"name\":\"Home\",\"item\":\"https:\\\/\\\/shabab-society.ch\\\/de\\\/\"},{\"@type\":\"ListItem\",\"position\":2,\"name\":\"Lieferung, R\u00fcckgabe und Erstattung\"}]},{\"@type\":\"WebSite\",\"@id\":\"https:\\\/\\\/shabab-society.ch\\\/de\\\/#website\",\"url\":\"https:\\\/\\\/shabab-society.ch\\\/de\\\/\",\"name\":\"Shabab Society\",\"description\":\"Our goal is people\u2019s wellbeing and happiness\",\"publisher\":{\"@id\":\"https:\\\/\\\/shabab-society.ch\\\/de\\\/#organization\"},\"potentialAction\":[{\"@type\":\"SearchAction\",\"target\":{\"@type\":\"EntryPoint\",\"urlTemplate\":\"https:\\\/\\\/shabab-society.ch\\\/de\\\/?s={search_term_string}\"},\"query-input\":{\"@type\":\"PropertyValueSpecification\",\"valueRequired\":true,\"valueName\":\"search_term_string\"}}],\"inLanguage\":\"de\"},{\"@type\":\"Organization\",\"@id\":\"https:\\\/\\\/shabab-society.ch\\\/de\\\/#organization\",\"name\":\"Shabab Society\",\"url\":\"https:\\\/\\\/shabab-society.ch\\\/de\\\/\",\"logo\":{\"@type\":\"ImageObject\",\"inLanguage\":\"de\",\"@id\":\"https:\\\/\\\/shabab-society.ch\\\/de\\\/#\\\/schema\\\/logo\\\/image\\\/\",\"url\":\"https:\\\/\\\/shabab-society.ch\\\/wp-content\\\/uploads\\\/2024\\\/10\\\/Fivicon-1.png\",\"contentUrl\":\"https:\\\/\\\/shabab-society.ch\\\/wp-content\\\/uploads\\\/2024\\\/10\\\/Fivicon-1.png\",\"width\":512,\"height\":512,\"caption\":\"Shabab Society\"},\"image\":{\"@id\":\"https:\\\/\\\/shabab-society.ch\\\/de\\\/#\\\/schema\\\/logo\\\/image\\\/\"}}]}<\/script>\n<!-- \/ Yoast SEO plugin. -->","yoast_head_json":{"title":"Lieferung, R\u00fcckgabe und Erstattung - Shabab Society","robots":{"index":"index","follow":"follow","max-snippet":"max-snippet:-1","max-image-preview":"max-image-preview:large","max-video-preview":"max-video-preview:-1"},"canonical":"https:\/\/shabab-society.ch\/de\/lieferung-rueckgabe-und-erstattung\/","og_locale":"de_DE","og_type":"article","og_title":"Lieferung, R\u00fcckgabe und Erstattung - Shabab Society","og_url":"https:\/\/shabab-society.ch\/de\/lieferung-rueckgabe-und-erstattung\/","og_site_name":"Shabab Society","article_modified_time":"2025-03-13T13:20:46+00:00","og_image":[{"width":2049,"height":1152,"url":"https:\/\/shabab-society.ch\/wp-content\/uploads\/2024\/10\/Shabab-Social-Featured-Image.webp","type":"image\/webp"}],"twitter_card":"summary_large_image","twitter_misc":{"Gesch\u00e4tzte Lesezeit":"2\u00a0Minute"},"schema":{"@context":"https:\/\/schema.org","@graph":[{"@type":"WebPage","@id":"https:\/\/shabab-society.ch\/de\/lieferung-rueckgabe-und-erstattung\/","url":"https:\/\/shabab-society.ch\/de\/lieferung-rueckgabe-und-erstattung\/","name":"Lieferung, R\u00fcckgabe und Erstattung - Shabab Society","isPartOf":{"@id":"https:\/\/shabab-society.ch\/de\/#website"},"datePublished":"2024-11-10T19:26:59+00:00","dateModified":"2025-03-13T13:20:46+00:00","breadcrumb":{"@id":"https:\/\/shabab-society.ch\/de\/lieferung-rueckgabe-und-erstattung\/#breadcrumb"},"inLanguage":"de","potentialAction":[{"@type":"ReadAction","target":["https:\/\/shabab-society.ch\/de\/lieferung-rueckgabe-und-erstattung\/"]}]},{"@type":"BreadcrumbList","@id":"https:\/\/shabab-society.ch\/de\/lieferung-rueckgabe-und-erstattung\/#breadcrumb","itemListElement":[{"@type":"ListItem","position":1,"name":"Home","item":"https:\/\/shabab-society.ch\/de\/"},{"@type":"ListItem","position":2,"name":"Lieferung, R\u00fcckgabe und Erstattung"}]},{"@type":"WebSite","@id":"https:\/\/shabab-society.ch\/de\/#website","url":"https:\/\/shabab-society.ch\/de\/","name":"Shabab Society","description":"Our goal is people\u2019s wellbeing and happiness","publisher":{"@id":"https:\/\/shabab-society.ch\/de\/#organization"},"potentialAction":[{"@type":"SearchAction","target":{"@type":"EntryPoint","urlTemplate":"https:\/\/shabab-society.ch\/de\/?s={search_term_string}"},"query-input":{"@type":"PropertyValueSpecification","valueRequired":true,"valueName":"search_term_string"}}],"inLanguage":"de"},{"@type":"Organization","@id":"https:\/\/shabab-society.ch\/de\/#organization","name":"Shabab Society","url":"https:\/\/shabab-society.ch\/de\/","logo":{"@type":"ImageObject","inLanguage":"de","@id":"https:\/\/shabab-society.ch\/de\/#\/schema\/logo\/image\/","url":"https:\/\/shabab-society.ch\/wp-content\/uploads\/2024\/10\/Fivicon-1.png","contentUrl":"https:\/\/shabab-society.ch\/wp-content\/uploads\/2024\/10\/Fivicon-1.png","width":512,"height":512,"caption":"Shabab Society"},"image":{"@id":"https:\/\/shabab-society.ch\/de\/#\/schema\/logo\/image\/"}}]}},"_links":{"self":[{"href":"https:\/\/shabab-society.ch\/de\/wp-json\/wp\/v2\/pages\/1692","targetHints":{"allow":["GET"]}}],"collection":[{"href":"https:\/\/shabab-society.ch\/de\/wp-json\/wp\/v2\/pages"}],"about":[{"href":"https:\/\/shabab-society.ch\/de\/wp-json\/wp\/v2\/types\/page"}],"author":[{"embeddable":true,"href":"https:\/\/shabab-society.ch\/de\/wp-json\/wp\/v2\/users\/1"}],"replies":[{"embeddable":true,"href":"https:\/\/shabab-society.ch\/de\/wp-json\/wp\/v2\/comments?post=1692"}],"version-history":[{"count":1,"href":"https:\/\/shabab-society.ch\/de\/wp-json\/wp\/v2\/pages\/1692\/revisions"}],"predecessor-version":[{"id":1693,"href":"https:\/\/shabab-society.ch\/de\/wp-json\/wp\/v2\/pages\/1692\/revisions\/1693"}],"wp:attachment":[{"href":"https:\/\/shabab-society.ch\/de\/wp-json\/wp\/v2\/media?parent=1692"}],"curies":[{"name":"wp","href":"https:\/\/api.w.org\/{rel}","templated":true}]}}