{"id":1687,"date":"2024-10-28T16:59:27","date_gmt":"2024-10-28T16:59:27","guid":{"rendered":"https:\/\/shabab-society.ch\/privacy-policy\/"},"modified":"2025-03-13T13:21:13","modified_gmt":"2025-03-13T13:21:13","slug":"datenschutz","status":"publish","type":"page","link":"https:\/\/shabab-society.ch\/de\/datenschutz\/","title":{"rendered":"Datenschutz"},"content":{"rendered":"<div class=\"fusion-fullwidth fullwidth-box fusion-builder-row-1 fusion-flex-container nonhundred-percent-fullwidth non-hundred-percent-height-scrolling\" style=\"--awb-border-radius-top-left:0px;--awb-border-radius-top-right:0px;--awb-border-radius-bottom-right:0px;--awb-border-radius-bottom-left:0px;--awb-flex-wrap:wrap;\" ><div class=\"fusion-builder-row fusion-row fusion-flex-align-items-flex-start fusion-flex-content-wrap\" style=\"max-width:1248px;margin-left: calc(-4% \/ 2 );margin-right: calc(-4% \/ 2 );\"><div class=\"fusion-layout-column fusion_builder_column fusion-builder-column-0 fusion_builder_column_1_1 1_1 fusion-flex-column\" style=\"--awb-bg-size:cover;--awb-width-large:100%;--awb-margin-top-large:0px;--awb-spacing-right-large:1.92%;--awb-margin-bottom-large:0px;--awb-spacing-left-large:1.92%;--awb-width-medium:100%;--awb-spacing-right-medium:1.92%;--awb-spacing-left-medium:1.92%;--awb-width-small:100%;--awb-spacing-right-small:1.92%;--awb-spacing-left-small:1.92%;\"><div class=\"fusion-column-wrapper fusion-flex-justify-content-flex-start fusion-content-layout-column\"><div class=\"fusion-text fusion-text-1\"><h3>Datenschutzrichtlinie<\/h3>\n<p><strong>Letzte Aktualisierung: 10. November 2024<\/strong><\/p>\n<p>Bei Shabab Society steht der Schutz der Privatsph\u00e4re unserer Nutzerinnen und Nutzer an erster Stelle. Diese Richtlinie erl\u00e4utert, wie wir Ihre pers\u00f6nlichen Informationen sammeln, verwenden und sch\u00fctzen.<\/p>\n<ol>\n<li><strong>Die Informationen, die wir sammeln<\/strong>: Wir sammeln Ihre pers\u00f6nlichen Informationen, wenn Sie unsere Website nutzen, wie z. B. Vor- und Nachname, Adresse, Geburtsdatum, Alter, Nationalit\u00e4t, Gesundheitszustand (Haare und K\u00f6rper), E-Mail-Adresse, Telefonnummer, Benutzername, Passwort, fr\u00fchere Bestellungen, Zahlungsinformationen und Kaufhistorie.<\/li>\n<li><strong>Wie wir Ihre Informationen verwenden<\/strong>: Ihre Informationen erm\u00f6glichen es uns, Anfragen zu bearbeiten, Bestellungen auszuf\u00fchren und unsere Dienstleistungen zu verbessern. Gesundheitsbezogene Informationen werden streng innerhalb des Unternehmens aufbewahrt und nicht an Dritte weitergegeben, mit Ausnahme von Dienstleistern des Unternehmens. Lieferinformationen werden an das Versandunternehmen weitergegeben, um die Lieferung der Produkte zu erleichtern, mit der Bitte, Ihre Informationen zu sch\u00fctzen und unsere Datenschutzstandards einzuhalten. Wir behalten uns das Recht vor, Ihre Informationen weiterzugeben, wenn wir gesetzlich dazu verpflichtet sind.<\/li>\n<li><strong>Datenaufbewahrung<\/strong>: Wir bewahren die pers\u00f6nlichen Daten von Kundinnen und Kunden auf, die unsere Produkte wiederholt kaufen.<\/li>\n<li><strong>Ihre Rechte<\/strong>: Sie k\u00f6nnen jederzeit auf Ihre pers\u00f6nlichen Daten zugreifen, sie \u00e4ndern oder l\u00f6schen. Um \u00c4nderungen vorzunehmen, kontaktieren Sie uns bitte per E-Mail oder telefonisch.<\/li>\n<li><strong>Sicherheit<\/strong>: Wir setzen fortschrittliche (pers\u00f6nliche, administrative, technische und materielle) Sicherheitsma\u00dfnahmen ein, um Ihre Informationen zu sch\u00fctzen, einschlie\u00dflich Verschl\u00fcsselung, Firewalls und Zugangskontrollen.<\/li>\n<li><strong>Richtlinien zu Cookies<\/strong>: Sie k\u00f6nnen die Cookie-Einstellungen \u00fcber Ihren Browser steuern.<\/li>\n<li><strong>\u00c4nderungen der Richtlinie<\/strong>: Wir aktualisieren diese Datenschutzrichtlinie von Zeit zu Zeit. Aktualisierungen werden auf unserer Website ver\u00f6ffentlicht.<\/li>\n<li>Wenn Sie Fragen zu unserer Datenschutzrichtlinie haben, kontaktieren Sie uns bitte per E-Mail oder Telefon.<\/li>\n<\/ol>\n<\/div><\/div><\/div><\/div><\/div>\n","protected":false},"excerpt":{"rendered":"","protected":false},"author":1,"featured_media":0,"parent":0,"menu_order":0,"comment_status":"closed","ping_status":"closed","template":"","meta":{"_acf_changed":false,"footnotes":""},"class_list":["post-1687","page","type-page","status-publish","hentry"],"acf":[],"yoast_head":"<!-- This site is optimized with the Yoast SEO plugin v27.4 - https:\/\/yoast.com\/product\/yoast-seo-wordpress\/ -->\n<title>Datenschutz - Shabab Society<\/title>\n<meta name=\"robots\" content=\"index, follow, max-snippet:-1, max-image-preview:large, max-video-preview:-1\" \/>\n<link rel=\"canonical\" href=\"https:\/\/shabab-society.ch\/de\/datenschutz\/\" \/>\n<meta property=\"og:locale\" content=\"de_DE\" \/>\n<meta property=\"og:type\" content=\"article\" \/>\n<meta property=\"og:title\" content=\"Datenschutz - Shabab Society\" \/>\n<meta property=\"og:url\" content=\"https:\/\/shabab-society.ch\/de\/datenschutz\/\" \/>\n<meta property=\"og:site_name\" content=\"Shabab Society\" \/>\n<meta property=\"article:modified_time\" content=\"2025-03-13T13:21:13+00:00\" \/>\n<meta property=\"og:image\" content=\"https:\/\/shabab-society.ch\/wp-content\/uploads\/2024\/10\/Shabab-Social-Featured-Image.webp\" \/>\n\t<meta property=\"og:image:width\" content=\"2049\" \/>\n\t<meta property=\"og:image:height\" content=\"1152\" \/>\n\t<meta property=\"og:image:type\" content=\"image\/webp\" \/>\n<meta name=\"twitter:card\" content=\"summary_large_image\" \/>\n<meta name=\"twitter:label1\" content=\"Gesch\u00e4tzte Lesezeit\" \/>\n\t<meta name=\"twitter:data1\" content=\"3\u00a0Minute\" \/>\n<script type=\"application\/ld+json\" class=\"yoast-schema-graph\">{\"@context\":\"https:\\\/\\\/schema.org\",\"@graph\":[{\"@type\":\"WebPage\",\"@id\":\"https:\\\/\\\/shabab-society.ch\\\/de\\\/datenschutz\\\/\",\"url\":\"https:\\\/\\\/shabab-society.ch\\\/de\\\/datenschutz\\\/\",\"name\":\"Datenschutz - Shabab Society\",\"isPartOf\":{\"@id\":\"https:\\\/\\\/shabab-society.ch\\\/de\\\/#website\"},\"datePublished\":\"2024-10-28T16:59:27+00:00\",\"dateModified\":\"2025-03-13T13:21:13+00:00\",\"breadcrumb\":{\"@id\":\"https:\\\/\\\/shabab-society.ch\\\/de\\\/datenschutz\\\/#breadcrumb\"},\"inLanguage\":\"de\",\"potentialAction\":[{\"@type\":\"ReadAction\",\"target\":[\"https:\\\/\\\/shabab-society.ch\\\/de\\\/datenschutz\\\/\"]}]},{\"@type\":\"BreadcrumbList\",\"@id\":\"https:\\\/\\\/shabab-society.ch\\\/de\\\/datenschutz\\\/#breadcrumb\",\"itemListElement\":[{\"@type\":\"ListItem\",\"position\":1,\"name\":\"Home\",\"item\":\"https:\\\/\\\/shabab-society.ch\\\/de\\\/\"},{\"@type\":\"ListItem\",\"position\":2,\"name\":\"Datenschutz\"}]},{\"@type\":\"WebSite\",\"@id\":\"https:\\\/\\\/shabab-society.ch\\\/de\\\/#website\",\"url\":\"https:\\\/\\\/shabab-society.ch\\\/de\\\/\",\"name\":\"Shabab Society\",\"description\":\"Our goal is people\u2019s wellbeing and happiness\",\"publisher\":{\"@id\":\"https:\\\/\\\/shabab-society.ch\\\/de\\\/#organization\"},\"potentialAction\":[{\"@type\":\"SearchAction\",\"target\":{\"@type\":\"EntryPoint\",\"urlTemplate\":\"https:\\\/\\\/shabab-society.ch\\\/de\\\/?s={search_term_string}\"},\"query-input\":{\"@type\":\"PropertyValueSpecification\",\"valueRequired\":true,\"valueName\":\"search_term_string\"}}],\"inLanguage\":\"de\"},{\"@type\":\"Organization\",\"@id\":\"https:\\\/\\\/shabab-society.ch\\\/de\\\/#organization\",\"name\":\"Shabab Society\",\"url\":\"https:\\\/\\\/shabab-society.ch\\\/de\\\/\",\"logo\":{\"@type\":\"ImageObject\",\"inLanguage\":\"de\",\"@id\":\"https:\\\/\\\/shabab-society.ch\\\/de\\\/#\\\/schema\\\/logo\\\/image\\\/\",\"url\":\"https:\\\/\\\/shabab-society.ch\\\/wp-content\\\/uploads\\\/2024\\\/10\\\/Fivicon-1.png\",\"contentUrl\":\"https:\\\/\\\/shabab-society.ch\\\/wp-content\\\/uploads\\\/2024\\\/10\\\/Fivicon-1.png\",\"width\":512,\"height\":512,\"caption\":\"Shabab Society\"},\"image\":{\"@id\":\"https:\\\/\\\/shabab-society.ch\\\/de\\\/#\\\/schema\\\/logo\\\/image\\\/\"}}]}<\/script>\n<!-- \/ Yoast SEO plugin. -->","yoast_head_json":{"title":"Datenschutz - Shabab Society","robots":{"index":"index","follow":"follow","max-snippet":"max-snippet:-1","max-image-preview":"max-image-preview:large","max-video-preview":"max-video-preview:-1"},"canonical":"https:\/\/shabab-society.ch\/de\/datenschutz\/","og_locale":"de_DE","og_type":"article","og_title":"Datenschutz - Shabab Society","og_url":"https:\/\/shabab-society.ch\/de\/datenschutz\/","og_site_name":"Shabab Society","article_modified_time":"2025-03-13T13:21:13+00:00","og_image":[{"width":2049,"height":1152,"url":"https:\/\/shabab-society.ch\/wp-content\/uploads\/2024\/10\/Shabab-Social-Featured-Image.webp","type":"image\/webp"}],"twitter_card":"summary_large_image","twitter_misc":{"Gesch\u00e4tzte Lesezeit":"3\u00a0Minute"},"schema":{"@context":"https:\/\/schema.org","@graph":[{"@type":"WebPage","@id":"https:\/\/shabab-society.ch\/de\/datenschutz\/","url":"https:\/\/shabab-society.ch\/de\/datenschutz\/","name":"Datenschutz - Shabab Society","isPartOf":{"@id":"https:\/\/shabab-society.ch\/de\/#website"},"datePublished":"2024-10-28T16:59:27+00:00","dateModified":"2025-03-13T13:21:13+00:00","breadcrumb":{"@id":"https:\/\/shabab-society.ch\/de\/datenschutz\/#breadcrumb"},"inLanguage":"de","potentialAction":[{"@type":"ReadAction","target":["https:\/\/shabab-society.ch\/de\/datenschutz\/"]}]},{"@type":"BreadcrumbList","@id":"https:\/\/shabab-society.ch\/de\/datenschutz\/#breadcrumb","itemListElement":[{"@type":"ListItem","position":1,"name":"Home","item":"https:\/\/shabab-society.ch\/de\/"},{"@type":"ListItem","position":2,"name":"Datenschutz"}]},{"@type":"WebSite","@id":"https:\/\/shabab-society.ch\/de\/#website","url":"https:\/\/shabab-society.ch\/de\/","name":"Shabab Society","description":"Our goal is people\u2019s wellbeing and happiness","publisher":{"@id":"https:\/\/shabab-society.ch\/de\/#organization"},"potentialAction":[{"@type":"SearchAction","target":{"@type":"EntryPoint","urlTemplate":"https:\/\/shabab-society.ch\/de\/?s={search_term_string}"},"query-input":{"@type":"PropertyValueSpecification","valueRequired":true,"valueName":"search_term_string"}}],"inLanguage":"de"},{"@type":"Organization","@id":"https:\/\/shabab-society.ch\/de\/#organization","name":"Shabab Society","url":"https:\/\/shabab-society.ch\/de\/","logo":{"@type":"ImageObject","inLanguage":"de","@id":"https:\/\/shabab-society.ch\/de\/#\/schema\/logo\/image\/","url":"https:\/\/shabab-society.ch\/wp-content\/uploads\/2024\/10\/Fivicon-1.png","contentUrl":"https:\/\/shabab-society.ch\/wp-content\/uploads\/2024\/10\/Fivicon-1.png","width":512,"height":512,"caption":"Shabab Society"},"image":{"@id":"https:\/\/shabab-society.ch\/de\/#\/schema\/logo\/image\/"}}]}},"_links":{"self":[{"href":"https:\/\/shabab-society.ch\/de\/wp-json\/wp\/v2\/pages\/1687","targetHints":{"allow":["GET"]}}],"collection":[{"href":"https:\/\/shabab-society.ch\/de\/wp-json\/wp\/v2\/pages"}],"about":[{"href":"https:\/\/shabab-society.ch\/de\/wp-json\/wp\/v2\/types\/page"}],"author":[{"embeddable":true,"href":"https:\/\/shabab-society.ch\/de\/wp-json\/wp\/v2\/users\/1"}],"replies":[{"embeddable":true,"href":"https:\/\/shabab-society.ch\/de\/wp-json\/wp\/v2\/comments?post=1687"}],"version-history":[{"count":3,"href":"https:\/\/shabab-society.ch\/de\/wp-json\/wp\/v2\/pages\/1687\/revisions"}],"predecessor-version":[{"id":1694,"href":"https:\/\/shabab-society.ch\/de\/wp-json\/wp\/v2\/pages\/1687\/revisions\/1694"}],"wp:attachment":[{"href":"https:\/\/shabab-society.ch\/de\/wp-json\/wp\/v2\/media?parent=1687"}],"curies":[{"name":"wp","href":"https:\/\/api.w.org\/{rel}","templated":true}]}}